{"id":2922,"date":"2024-03-27T20:58:52","date_gmt":"2024-03-27T19:58:52","guid":{"rendered":"https:\/\/goin.hr\/projekte\/"},"modified":"2024-04-16T09:51:15","modified_gmt":"2024-04-16T08:51:15","slug":"projekte","status":"publish","type":"page","link":"https:\/\/goin.hr\/de\/projekte\/","title":{"rendered":"Projekte"},"content":{"rendered":"\t\t<div data-elementor-type=\"wp-page\" data-elementor-id=\"2922\" class=\"elementor elementor-2922 elementor-2010\" data-elementor-post-type=\"page\">\n\t\t\t\t<div class=\"elementor-element elementor-element-c405893 e-flex e-con-boxed e-con e-parent\" data-id=\"c405893\" data-element_type=\"container\" data-core-v316-plus=\"true\">\n\t\t\t\t\t<div class=\"e-con-inner\">\n\t\t\t\t<div class=\"elementor-element elementor-element-3445be66 elementor-widget elementor-widget-heading\" data-id=\"3445be66\" data-element_type=\"widget\" data-widget_type=\"heading.default\">\n\t\t\t\t<div class=\"elementor-widget-container\">\n\t\t\t<style>\/*! elementor - v3.20.0 - 26-03-2024 *\/\n.elementor-heading-title{padding:0;margin:0;line-height:1}.elementor-widget-heading .elementor-heading-title[class*=elementor-size-]>a{color:inherit;font-size:inherit;line-height:inherit}.elementor-widget-heading .elementor-heading-title.elementor-size-small{font-size:15px}.elementor-widget-heading .elementor-heading-title.elementor-size-medium{font-size:19px}.elementor-widget-heading .elementor-heading-title.elementor-size-large{font-size:29px}.elementor-widget-heading .elementor-heading-title.elementor-size-xl{font-size:39px}.elementor-widget-heading .elementor-heading-title.elementor-size-xxl{font-size:59px}<\/style><h2 class=\"elementor-heading-title elementor-size-default\">DAS PROJEKT WURDE VON DER EUROP\u00c4ISCHEN UNION MITFINANZIERT \n<\/h2>\t\t<\/div>\n\t\t\t\t<\/div>\n\t\t\t\t<div class=\"elementor-element elementor-element-9b56f65 elementor-widget elementor-widget-heading\" data-id=\"9b56f65\" data-element_type=\"widget\" data-widget_type=\"heading.default\">\n\t\t\t\t<div class=\"elementor-widget-container\">\n\t\t\t<h2 class=\"elementor-heading-title elementor-size-default\">Des nationalen Wiederherstellungs- und Widerstandsplans 2021. \u2013 2026.<\/h2>\t\t<\/div>\n\t\t\t\t<\/div>\n\t\t\t\t<div class=\"elementor-element elementor-element-132915c elementor-widget elementor-widget-heading\" data-id=\"132915c\" data-element_type=\"widget\" data-widget_type=\"heading.default\">\n\t\t\t\t<div class=\"elementor-widget-container\">\n\t\t\t<h2 class=\"elementor-heading-title elementor-size-default\">Projektname:<\/h2>\t\t<\/div>\n\t\t\t\t<\/div>\n\t\t\t\t<div class=\"elementor-element elementor-element-7531570 elementor-widget elementor-widget-text-editor\" data-id=\"7531570\" data-element_type=\"widget\" data-widget_type=\"text-editor.default\">\n\t\t\t\t<div class=\"elementor-widget-container\">\n\t\t\t<style>\/*! elementor - v3.20.0 - 26-03-2024 *\/\n.elementor-widget-text-editor.elementor-drop-cap-view-stacked .elementor-drop-cap{background-color:#69727d;color:#fff}.elementor-widget-text-editor.elementor-drop-cap-view-framed .elementor-drop-cap{color:#69727d;border:3px solid;background-color:transparent}.elementor-widget-text-editor:not(.elementor-drop-cap-view-default) .elementor-drop-cap{margin-top:8px}.elementor-widget-text-editor:not(.elementor-drop-cap-view-default) .elementor-drop-cap-letter{width:1em;height:1em}.elementor-widget-text-editor .elementor-drop-cap{float:left;text-align:center;line-height:1;font-size:50px}.elementor-widget-text-editor .elementor-drop-cap-letter{display:inline-block}<\/style>\t\t\t\t&#8222;Entwicklung von Verbindungen f\u00fcr das Holzkonstruktions-Geod\u00e4sie-Kuppel&#8220;\n\t\t\t\t\t\t<\/div>\n\t\t\t\t<\/div>\n\t\t\t\t<div class=\"elementor-element elementor-element-56699b5 elementor-widget elementor-widget-heading\" data-id=\"56699b5\" data-element_type=\"widget\" data-widget_type=\"heading.default\">\n\t\t\t\t<div class=\"elementor-widget-container\">\n\t\t\t<h2 class=\"elementor-heading-title elementor-size-default\">Name des Benutzers:<\/h2>\t\t<\/div>\n\t\t\t\t<\/div>\n\t\t\t\t<div class=\"elementor-element elementor-element-1a82889 elementor-widget elementor-widget-text-editor\" data-id=\"1a82889\" data-element_type=\"widget\" data-widget_type=\"text-editor.default\">\n\t\t\t\t<div class=\"elementor-widget-container\">\n\t\t\t\t\t\t\tGoin j.d.o.o. f\u00fcr Handel und Dienstleistungen\n\t\t\t\t\t\t<\/div>\n\t\t\t\t<\/div>\n\t\t\t\t<div class=\"elementor-element elementor-element-68b0fc1 elementor-widget elementor-widget-heading\" data-id=\"68b0fc1\" data-element_type=\"widget\" data-widget_type=\"heading.default\">\n\t\t\t\t<div class=\"elementor-widget-container\">\n\t\t\t<h2 class=\"elementor-heading-title elementor-size-default\">Projektwert:<\/h2>\t\t<\/div>\n\t\t\t\t<\/div>\n\t\t\t\t<div class=\"elementor-element elementor-element-1f991c1 elementor-widget elementor-widget-text-editor\" data-id=\"1f991c1\" data-element_type=\"widget\" data-widget_type=\"text-editor.default\">\n\t\t\t\t<div class=\"elementor-widget-container\">\n\t\t\t\t\t\t\t179.590,64 euro\n\t\t\t\t\t\t<\/div>\n\t\t\t\t<\/div>\n\t\t\t\t<div class=\"elementor-element elementor-element-d79a9b8 elementor-widget elementor-widget-heading\" data-id=\"d79a9b8\" data-element_type=\"widget\" data-widget_type=\"heading.default\">\n\t\t\t\t<div class=\"elementor-widget-container\">\n\t\t\t<h2 class=\"elementor-heading-title elementor-size-default\">EU-Mitfinanzierungsbetrag:<\/h2>\t\t<\/div>\n\t\t\t\t<\/div>\n\t\t\t\t<div class=\"elementor-element elementor-element-e0794fe elementor-widget elementor-widget-text-editor\" data-id=\"e0794fe\" data-element_type=\"widget\" data-widget_type=\"text-editor.default\">\n\t\t\t\t<div class=\"elementor-widget-container\">\n\t\t\t\t\t\t\t125.516,80 euro\n\t\t\t\t\t\t<\/div>\n\t\t\t\t<\/div>\n\t\t\t\t<div class=\"elementor-element elementor-element-bda96bd elementor-widget elementor-widget-heading\" data-id=\"bda96bd\" data-element_type=\"widget\" data-widget_type=\"heading.default\">\n\t\t\t\t<div class=\"elementor-widget-container\">\n\t\t\t<h2 class=\"elementor-heading-title elementor-size-default\">Projektdurchf\u00fchrungszeitraum:<\/h2>\t\t<\/div>\n\t\t\t\t<\/div>\n\t\t\t\t<div class=\"elementor-element elementor-element-856b1f9 elementor-widget elementor-widget-text-editor\" data-id=\"856b1f9\" data-element_type=\"widget\" data-widget_type=\"text-editor.default\">\n\t\t\t\t<div class=\"elementor-widget-container\">\n\t\t\t\t\t\t\tVom 2. Januar 2023. bis zum Abschluss aller Projektaktivit\u00e4ten am 2. Januar 2025.\n\t\t\t\t\t\t<\/div>\n\t\t\t\t<\/div>\n\t\t\t\t<div class=\"elementor-element elementor-element-6bd47705 elementor-widget elementor-widget-heading\" data-id=\"6bd47705\" data-element_type=\"widget\" data-widget_type=\"heading.default\">\n\t\t\t\t<div class=\"elementor-widget-container\">\n\t\t\t<h2 class=\"elementor-heading-title elementor-size-default\">Kontaktperson f\u00fcr weitere Informationen:<\/h2>\t\t<\/div>\n\t\t\t\t<\/div>\n\t\t\t\t<div class=\"elementor-element elementor-element-5985ecca elementor-widget elementor-widget-text-editor\" data-id=\"5985ecca\" data-element_type=\"widget\" data-widget_type=\"text-editor.default\">\n\t\t\t\t<div class=\"elementor-widget-container\">\n\t\t\t\t\t\t\t\u0160imun Gol\u010di\u0107.\n<br>Tel: +385 (0)99 472 1976\n<br>E-Mail: info@goin.hr\t\t\t\t\t\t<\/div>\n\t\t\t\t<\/div>\n\t\t\t\t<div class=\"elementor-element elementor-element-0a69240 elementor-widget elementor-widget-heading\" data-id=\"0a69240\" data-element_type=\"widget\" data-widget_type=\"heading.default\">\n\t\t\t\t<div class=\"elementor-widget-container\">\n\t\t\t<h2 class=\"elementor-heading-title elementor-size-default\">Kurze Beschreibung des Projekts:<\/h2>\t\t<\/div>\n\t\t\t\t<\/div>\n\t\t\t\t<div class=\"elementor-element elementor-element-9a722da elementor-widget elementor-widget-text-editor\" data-id=\"9a722da\" data-element_type=\"widget\" data-widget_type=\"text-editor.default\">\n\t\t\t\t<div class=\"elementor-widget-container\">\n\t\t\t\t\t\t\tMit diesem Projekt wird das Wachstum und die Beschleunigung des Unternehmens durch die Entwicklung eines innovativen Produkts f\u00fcr die Holzgeod\u00e4sie-Kuppel auf Markt- vorbereitungsstufe erreicht, wobei das Problem der Verbindung von Holzdreiecken mit nichtlinearen Metallelementen, die die sph\u00e4rische Form begleiten, gel\u00f6st wird, um eine einfache Montage\/Demontage der Kuppel sowie eine feste Verbindung und Wasserdichtigkeit zu gew\u00e4hrleisten. \n\t\t\t\t\t\t<\/div>\n\t\t\t\t<\/div>\n\t\t\t\t<div class=\"elementor-element elementor-element-3a92b5b elementor-widget elementor-widget-heading\" data-id=\"3a92b5b\" data-element_type=\"widget\" data-widget_type=\"heading.default\">\n\t\t\t\t<div class=\"elementor-widget-container\">\n\t\t\t<h2 class=\"elementor-heading-title elementor-size-default\">Ziele und Ergebnisse des Projekts:<\/h2>\t\t<\/div>\n\t\t\t\t<\/div>\n\t\t\t\t<div class=\"elementor-element elementor-element-db93f62 elementor-widget elementor-widget-text-editor\" data-id=\"db93f62\" data-element_type=\"widget\" data-widget_type=\"text-editor.default\">\n\t\t\t\t<div class=\"elementor-widget-container\">\n\t\t\t\t\t\t\t<p>Das Projekt wird nicht nur neue Arbeitspl\u00e4tze schaffen und die Produktionskapazit\u00e4ten erh\u00f6hen, sondern auch die Gesamtwirtschaft beeinflussen, indem widerstandsf\u00e4hige Arbeitspl\u00e4tze geschaffen, das Gesamtumsatzwachstum und positive Auswirkungen auf den Au\u00dfenhandel und den Export erzielt werden. Das Ziel und das Ergebnis des Projekts sind die Entwicklung neuer Produkte:<\/p>\n\t\t\t\t\t\t<\/div>\n\t\t\t\t<\/div>\n\t\t\t\t<div class=\"elementor-element elementor-element-d52a944 elementor-widget elementor-widget-text-editor\" data-id=\"d52a944\" data-element_type=\"widget\" data-widget_type=\"text-editor.default\">\n\t\t\t\t<div class=\"elementor-widget-container\">\n\t\t\t\t\t\t\t<ol>\n<li>Innovative Metallverbindung f\u00fcr Holzkonstruktionen<\/li>\n<li>Verleimtes Brettschichtholz, nach Experimentbefund getrocknet<\/li>\n<li>Geod\u00e4tische Kuppel, Stabkonstruktionssystem aus verleimtem Brettschichtholz und Metallverbindung, das auf schnelle und effiziente Montage\/Demontage abzielt<\/li>\n<\/ol>\n\t\t\t\t\t\t<\/div>\n\t\t\t\t<\/div>\n\t\t\t\t<div class=\"elementor-element elementor-element-0f72d7b elementor-widget elementor-widget-text-editor\" data-id=\"0f72d7b\" data-element_type=\"widget\" data-widget_type=\"text-editor.default\">\n\t\t\t\t<div class=\"elementor-widget-container\">\n\t\t\t\t\t\t\t<p>\u201eDas Projekt wurde von der Europ\u00e4ischen Union \u2013 Next Generation EU mitfinanziert.<br \/>im Rahmen des nationalen Wiederaufbau- und Resilienzplans 2021. \u2013 2026.<br \/>Weitere Informationen zu EU-Fonds: www.strukturnifondovi.hr<\/p>\n<p>Der Inhalt des Materials liegt in der alleinigen Verantwortung der Goin j.d.o.o.<\/p>\n\t\t\t\t\t\t<\/div>\n\t\t\t\t<\/div>\n\t\t\t\t<div class=\"elementor-element elementor-element-8157700 elementor-widget elementor-widget-image\" data-id=\"8157700\" data-element_type=\"widget\" data-widget_type=\"image.default\">\n\t\t\t\t<div class=\"elementor-widget-container\">\n\t\t\t<style>\/*! elementor - v3.20.0 - 26-03-2024 *\/\n.elementor-widget-image{text-align:center}.elementor-widget-image a{display:inline-block}.elementor-widget-image a img[src$=\".svg\"]{width:48px}.elementor-widget-image img{vertical-align:middle;display:inline-block}<\/style>\t\t\t\t\t\t\t\t\t\t<img fetchpriority=\"high\" decoding=\"async\" width=\"800\" height=\"109\" src=\"https:\/\/goin.hr\/wp-content\/uploads\/2024\/03\/eu-fondovi-1024x140.jpeg\" class=\"attachment-large size-large wp-image-2037\" alt=\"\" srcset=\"https:\/\/goin.hr\/wp-content\/uploads\/2024\/03\/eu-fondovi-1024x140.jpeg 1024w, https:\/\/goin.hr\/wp-content\/uploads\/2024\/03\/eu-fondovi-300x41.jpeg 300w, https:\/\/goin.hr\/wp-content\/uploads\/2024\/03\/eu-fondovi-768x105.jpeg 768w, https:\/\/goin.hr\/wp-content\/uploads\/2024\/03\/eu-fondovi-1536x209.jpeg 1536w, https:\/\/goin.hr\/wp-content\/uploads\/2024\/03\/eu-fondovi.jpeg 1600w\" sizes=\"(max-width: 800px) 100vw, 800px\" \/>\t\t\t\t\t\t\t\t\t\t\t\t\t<\/div>\n\t\t\t\t<\/div>\n\t\t\t\t\t<\/div>\n\t\t\t\t<\/div>\n\t\t\t\t<\/div>\n\t\t","protected":false},"excerpt":{"rendered":"<p>DAS PROJEKT WURDE VON DER EUROP\u00c4ISCHEN UNION MITFINANZIERT Des nationalen Wiederherstellungs- und Widerstandsplans 2021. \u2013 2026. Projektname: &#8222;Entwicklung von Verbindungen f\u00fcr das Holzkonstruktions-Geod\u00e4sie-Kuppel&#8220; Name des Benutzers: Goin j.d.o.o. f\u00fcr Handel und Dienstleistungen Projektwert: 179.590,64 euro EU-Mitfinanzierungsbetrag: 125.516,80 euro Projektdurchf\u00fchrungszeitraum: Vom 2. Januar 2023. bis zum Abschluss aller Projektaktivit\u00e4ten am 2. Januar 2025. Kontaktperson f\u00fcr weitere [&hellip;]<\/p>\n","protected":false},"author":1,"featured_media":0,"parent":0,"menu_order":0,"comment_status":"closed","ping_status":"closed","template":"","meta":{"footnotes":""},"class_list":["post-2922","page","type-page","status-publish","hentry"],"_links":{"self":[{"href":"https:\/\/goin.hr\/de\/wp-json\/wp\/v2\/pages\/2922","targetHints":{"allow":["GET"]}}],"collection":[{"href":"https:\/\/goin.hr\/de\/wp-json\/wp\/v2\/pages"}],"about":[{"href":"https:\/\/goin.hr\/de\/wp-json\/wp\/v2\/types\/page"}],"author":[{"embeddable":true,"href":"https:\/\/goin.hr\/de\/wp-json\/wp\/v2\/users\/1"}],"replies":[{"embeddable":true,"href":"https:\/\/goin.hr\/de\/wp-json\/wp\/v2\/comments?post=2922"}],"version-history":[{"count":1,"href":"https:\/\/goin.hr\/de\/wp-json\/wp\/v2\/pages\/2922\/revisions"}],"predecessor-version":[{"id":2924,"href":"https:\/\/goin.hr\/de\/wp-json\/wp\/v2\/pages\/2922\/revisions\/2924"}],"wp:attachment":[{"href":"https:\/\/goin.hr\/de\/wp-json\/wp\/v2\/media?parent=2922"}],"curies":[{"name":"wp","href":"https:\/\/api.w.org\/{rel}","templated":true}]}}