{"id":2721,"date":"2024-03-16T10:53:04","date_gmt":"2024-03-16T09:53:04","guid":{"rendered":"https:\/\/goin.hr\/datenschutz\/"},"modified":"2024-04-16T09:51:11","modified_gmt":"2024-04-16T08:51:11","slug":"datenschutz","status":"publish","type":"page","link":"https:\/\/goin.hr\/de\/datenschutz\/","title":{"rendered":"Datenschutz"},"content":{"rendered":"\t\t<div data-elementor-type=\"wp-page\" data-elementor-id=\"2721\" class=\"elementor elementor-2721 elementor-1499\" data-elementor-post-type=\"page\">\n\t\t\t\t<div class=\"elementor-element elementor-element-c405893 e-flex e-con-boxed e-con e-parent\" data-id=\"c405893\" data-element_type=\"container\" data-core-v316-plus=\"true\">\n\t\t\t\t\t<div class=\"e-con-inner\">\n\t\t\t\t<div class=\"elementor-element elementor-element-3445be66 elementor-widget elementor-widget-heading\" data-id=\"3445be66\" data-element_type=\"widget\" data-widget_type=\"heading.default\">\n\t\t\t\t<div class=\"elementor-widget-container\">\n\t\t\t<style>\/*! elementor - v3.20.0 - 26-03-2024 *\/\n.elementor-heading-title{padding:0;margin:0;line-height:1}.elementor-widget-heading .elementor-heading-title[class*=elementor-size-]>a{color:inherit;font-size:inherit;line-height:inherit}.elementor-widget-heading .elementor-heading-title.elementor-size-small{font-size:15px}.elementor-widget-heading .elementor-heading-title.elementor-size-medium{font-size:19px}.elementor-widget-heading .elementor-heading-title.elementor-size-large{font-size:29px}.elementor-widget-heading .elementor-heading-title.elementor-size-xl{font-size:39px}.elementor-widget-heading .elementor-heading-title.elementor-size-xxl{font-size:59px}<\/style><h2 class=\"elementor-heading-title elementor-size-default\">Datenschutz<\/h2>\t\t<\/div>\n\t\t\t\t<\/div>\n\t\t\t\t<div class=\"elementor-element elementor-element-2c03082 elementor-widget elementor-widget-text-editor\" data-id=\"2c03082\" data-element_type=\"widget\" data-widget_type=\"text-editor.default\">\n\t\t\t\t<div class=\"elementor-widget-container\">\n\t\t\t<style>\/*! elementor - v3.20.0 - 26-03-2024 *\/\n.elementor-widget-text-editor.elementor-drop-cap-view-stacked .elementor-drop-cap{background-color:#69727d;color:#fff}.elementor-widget-text-editor.elementor-drop-cap-view-framed .elementor-drop-cap{color:#69727d;border:3px solid;background-color:transparent}.elementor-widget-text-editor:not(.elementor-drop-cap-view-default) .elementor-drop-cap{margin-top:8px}.elementor-widget-text-editor:not(.elementor-drop-cap-view-default) .elementor-drop-cap-letter{width:1em;height:1em}.elementor-widget-text-editor .elementor-drop-cap{float:left;text-align:center;line-height:1;font-size:50px}.elementor-widget-text-editor .elementor-drop-cap-letter{display:inline-block}<\/style>\t\t\t\t<p>GOIN j.d.o.o. als Eigent\u00fcmer dieser Websites respektiert die Privatsph\u00e4re der Besucher und wird Ihre pers\u00f6nlichen Daten niemals missbrauchen. Wir verwenden Google Analytics, um statistische Daten \u00fcber die Besuche auf unseren Websites zu sammeln.<\/p>\n\t\t\t\t\t\t<\/div>\n\t\t\t\t<\/div>\n\t\t\t\t<div class=\"elementor-element elementor-element-6bd47705 elementor-widget elementor-widget-heading\" data-id=\"6bd47705\" data-element_type=\"widget\" data-widget_type=\"heading.default\">\n\t\t\t\t<div class=\"elementor-widget-container\">\n\t\t\t<h2 class=\"elementor-heading-title elementor-size-default\">Schutz Ihrer pers\u00f6nlichen Daten bedeutet:<\/h2>\t\t<\/div>\n\t\t\t\t<\/div>\n\t\t\t\t<div class=\"elementor-element elementor-element-5985ecca elementor-widget elementor-widget-text-editor\" data-id=\"5985ecca\" data-element_type=\"widget\" data-widget_type=\"text-editor.default\">\n\t\t\t\t<div class=\"elementor-widget-container\">\n\t\t\t\t\t\t\t<ul>\n<li>Wir werden Ihre pers\u00f6nlichen Daten niemals missbrauchen.<\/li>\n<li>Wir werden Ihre Kontaktdaten niemals an Dritte weitergeben.<\/li>\n<li>Ihre Kontaktdaten und pers\u00f6nlichen Daten k\u00f6nnen nur mit Ihrer Zustimmung an Dritte weitergegeben werden.<\/li>\n<\/ul>\n\t\t\t\t\t\t<\/div>\n\t\t\t\t<\/div>\n\t\t\t\t<div class=\"elementor-element elementor-element-1d1916e elementor-widget elementor-widget-text-editor\" data-id=\"1d1916e\" data-element_type=\"widget\" data-widget_type=\"text-editor.default\">\n\t\t\t\t<div class=\"elementor-widget-container\">\n\t\t\t\t\t\t\t<p>Gem\u00e4\u00df dem Datenschutzgesetz haben Sie das Recht auf Zugang zu Ihren Daten und deren eventuelle Korrektur auf Anfrage. All unsere Aktivit\u00e4ten entsprechen der europ\u00e4ischen Gesetzgebung sowie der nationalen Gesetzgebung der Republik Kroatien (Datenschutzgesetz, Gesetz \u00fcber elektronischen Gesch\u00e4ftsverkehr, usw.).<\/p>\n\t\t\t\t\t\t<\/div>\n\t\t\t\t<\/div>\n\t\t\t\t<div class=\"elementor-element elementor-element-0a69240 elementor-widget elementor-widget-heading\" data-id=\"0a69240\" data-element_type=\"widget\" data-widget_type=\"heading.default\">\n\t\t\t\t<div class=\"elementor-widget-container\">\n\t\t\t<h2 class=\"elementor-heading-title elementor-size-default\">Ihre Zustimmung<\/h2>\t\t<\/div>\n\t\t\t\t<\/div>\n\t\t\t\t<div class=\"elementor-element elementor-element-accd195 elementor-widget elementor-widget-text-editor\" data-id=\"accd195\" data-element_type=\"widget\" data-widget_type=\"text-editor.default\">\n\t\t\t\t<div class=\"elementor-widget-container\">\n\t\t\t\t\t\t\t<p>Durch Klicken auf &#8222;Ich stimme zu&#8220; und die Nutzung dieser Website geben Sie Ihre Zustimmung zu dieser Datenschutzrichtlinie.<\/p>\n\t\t\t\t\t\t<\/div>\n\t\t\t\t<\/div>\n\t\t\t\t<div class=\"elementor-element elementor-element-6018e83 elementor-widget elementor-widget-heading\" data-id=\"6018e83\" data-element_type=\"widget\" data-widget_type=\"heading.default\">\n\t\t\t\t<div class=\"elementor-widget-container\">\n\t\t\t<h2 class=\"elementor-heading-title elementor-size-default\">Cookie-Richtlinie<\/h2>\t\t<\/div>\n\t\t\t\t<\/div>\n\t\t\t\t<div class=\"elementor-element elementor-element-72e665d elementor-widget elementor-widget-text-editor\" data-id=\"72e665d\" data-element_type=\"widget\" data-widget_type=\"text-editor.default\">\n\t\t\t\t<div class=\"elementor-widget-container\">\n\t\t\t\t\t\t\t<p>Diese Website verwendet &#8222;Cookies&#8220;, um unsere Dienste zu verbessern. Um Inhalte und Anzeigen zu personalisieren, Social-Media-Funktionen bereitzustellen und den Datenverkehr zu analysieren. Wir teilen auch Informationen \u00fcber Ihre Nutzung unserer Website mit unseren Social-Media-, Werbe- und Analysepartnern, die diese mit anderen Informationen kombinieren k\u00f6nnen, die Sie ihnen zur Verf\u00fcgung gestellt haben oder die sie durch Ihre Nutzung ihrer Dienste gesammelt haben. Durch die weitere Nutzung unserer Websites stimmen Sie der Verwendung von Cookies zu.<\/p>\n\t\t\t\t\t\t<\/div>\n\t\t\t\t<\/div>\n\t\t\t\t<div class=\"elementor-element elementor-element-67fd163 elementor-widget elementor-widget-heading\" data-id=\"67fd163\" data-element_type=\"widget\" data-widget_type=\"heading.default\">\n\t\t\t\t<div class=\"elementor-widget-container\">\n\t\t\t<h2 class=\"elementor-heading-title elementor-size-default\">Was ist ein \"Cookie\"?<\/h2>\t\t<\/div>\n\t\t\t\t<\/div>\n\t\t\t\t<div class=\"elementor-element elementor-element-1ae8df7 elementor-widget elementor-widget-text-editor\" data-id=\"1ae8df7\" data-element_type=\"widget\" data-widget_type=\"text-editor.default\">\n\t\t\t\t<div class=\"elementor-widget-container\">\n\t\t\t\t\t\t\t<p>&#8222;Cookies&#8220; sind kleine Dateien, die Ihr Webbrowser beim Besuch unserer Website auf Ihrer Festplatte speichert. Dadurch kann unsere Website Ihren Computer erkennen, wenn Sie uns das n\u00e4chste Mal besuchen, um Ihr Benutzererlebnis beim Durchsuchen der Website zu verbessern.<br \/>Das Gesetz erlaubt das Speichern von Cookies auf Ihrem Ger\u00e4t nur, wenn es f\u00fcr den Betrieb der Website unbedingt erforderlich ist. F\u00fcr alle anderen Arten von Cookies ben\u00f6tigen wir Ihre Erlaubnis.<br \/>Um Cookies gem\u00e4\u00df dem Gesetz \u00fcber elektronische Kommunikation, dem Datenschutzgesetz und den EU-Richtlinien 2002\/58\/EZ und 95\/46\/EZ verwenden zu k\u00f6nnen, ben\u00f6tigen wir Ihre Zustimmung. Durch Klicken auf &#8222;Ich stimme zu&#8220; und die Nutzung dieser Website geben Sie Ihre Zustimmung zur Verwendung von Cookies. Durch das Blockieren von Cookies k\u00f6nnen Sie die Website weiterhin durchsuchen, aber einige Funktionen stehen Ihnen m\u00f6glicherweise nicht zur Verf\u00fcgung.<\/p>\n<p>Cookies zielen nicht darauf ab, Benutzer zu \u00fcberwachen, verfolgen nicht alles, was ein Benutzer tut, und sind keine b\u00f6sartigen Codes oder Viren. Cookies sind auch nicht mit Spam oder unerw\u00fcnschten Nachrichten verbunden, k\u00f6nnen nicht aufzeichnen, was Sie auf Ihrer Tastatur eingeben (k\u00f6nnen kein Passwort speichern) und dienen nicht ausschlie\u00dflich Werbung oder Marketingzwecken. Sie k\u00f6nnen Ihre Einwilligung in unsere Cookie-Erkl\u00e4rung auf unseren Websites jederzeit \u00e4ndern oder zur\u00fcckziehen.<\/p>\n\t\t\t\t\t\t<\/div>\n\t\t\t\t<\/div>\n\t\t\t\t<div class=\"elementor-element elementor-element-2fc95fe elementor-widget elementor-widget-heading\" data-id=\"2fc95fe\" data-element_type=\"widget\" data-widget_type=\"heading.default\">\n\t\t\t\t<div class=\"elementor-widget-container\">\n\t\t\t<h2 class=\"elementor-heading-title elementor-size-default\">Welche Arten von Cookies werden auf dieser Website verwendet?<\/h2>\t\t<\/div>\n\t\t\t\t<\/div>\n\t\t\t\t<div class=\"elementor-element elementor-element-22f9ef6 elementor-widget elementor-widget-text-editor\" data-id=\"22f9ef6\" data-element_type=\"widget\" data-widget_type=\"text-editor.default\">\n\t\t\t\t<div class=\"elementor-widget-container\">\n\t\t\t\t\t\t\t<p>GOIN j.d.o.o. verwendet auf seinen Websites zwei Arten von &#8222;Cookies&#8220;:<\/p>\n<ul>\n<li>Tempor\u00e4re &#8211; notwendige Cookies (&#8222;Session Cookies&#8220;): Diese tempor\u00e4ren Cookies bleiben in der Cookie-Datei Ihres Browsers, bis Sie Ihren Browsing beenden. Sie machen die Website benutzbar und erm\u00f6glichen grundlegende Funktionen wie die Navigation auf der Website und den Zugriff auf gesch\u00fctzte Bereiche. Die Website kann ohne diese Cookies nicht ordnungsgem\u00e4\u00df funktionieren.<\/li>\n<li>Statistische dauerhafte Cookies (&#8222;persistent cookies&#8220;): Cookies, die durch anonyme Datensammlung und -sendung dazu beitragen, dass die Websitebesitzer verstehen, wie die Besucher mit der Website interagieren. Diese Cookies bleiben l\u00e4nger in der Cookie-Datei Ihres Browsers. Die Dauer h\u00e4ngt von den Einstellungen Ihres Internetbrowsers ab.<\/li>\n<\/ul>\n<p>Wir bem\u00fchen uns st\u00e4ndig, unseren Benutzern das bestm\u00f6gliche Benutzererlebnis zu bieten. Daher sollten Sie beachten, dass unsere Websites nur optimal funktionieren, wenn Cookies aktiviert sind. So k\u00f6nnen wir Sie erkennen, wenn Sie unsere Seite erneut besuchen, und Cookies erm\u00f6glichen uns auch, Fehler zu entdecken und zu korrigieren, damit Ihr Website-Erlebnis schneller und besser an Ihre Bed\u00fcrfnisse angepasst wird. Zus\u00e4tzliche Informationen wie Ihr Name oder Ihre E-Mail-Adresse werden nur gespeichert, wenn Sie dies zulassen &#8211; Websites k\u00f6nnen nicht auf Informationen zugreifen, die Sie ihnen nicht gegeben haben, und sie k\u00f6nnen nicht auf andere Dateien auf Ihrem Computer zugreifen.<\/p>\n\t\t\t\t\t\t<\/div>\n\t\t\t\t<\/div>\n\t\t\t\t<div class=\"elementor-element elementor-element-13ff947 elementor-widget elementor-widget-heading\" data-id=\"13ff947\" data-element_type=\"widget\" data-widget_type=\"heading.default\">\n\t\t\t\t<div class=\"elementor-widget-container\">\n\t\t\t<h2 class=\"elementor-heading-title elementor-size-default\">Cookies von Drittanbietern<\/h2>\t\t<\/div>\n\t\t\t\t<\/div>\n\t\t\t\t<div class=\"elementor-element elementor-element-d02fab7 elementor-widget elementor-widget-text-editor\" data-id=\"d02fab7\" data-element_type=\"widget\" data-widget_type=\"text-editor.default\">\n\t\t\t\t<div class=\"elementor-widget-container\">\n\t\t\t\t\t\t\t<p>GOIN j.d.o.o. verwendet auf seinen Websites eigene Cookies und erm\u00f6glicht gleichzeitig ausgew\u00e4hlten Dritten, ihre Cookies (sogenannte Drittanbieter-Cookies) auf dem Computer des Benutzers zu installieren. Diese Cookies wurden nicht von dieser Website festgelegt, einige dienen jedoch zur normalen Funktion bestimmter Funktionen, die es Benutzern erleichtern, auf Inhalte zuzugreifen. Durch die Nutzung der Internetseite gibt der Benutzer seine Zustimmung zur Verwendung von Cookies von Drittanbietern.<\/p>\n\t\t\t\t\t\t<\/div>\n\t\t\t\t<\/div>\n\t\t\t\t<div class=\"elementor-element elementor-element-c6bafaf elementor-widget elementor-widget-heading\" data-id=\"c6bafaf\" data-element_type=\"widget\" data-widget_type=\"heading.default\">\n\t\t\t\t<div class=\"elementor-widget-container\">\n\t\t\t<h2 class=\"elementor-heading-title elementor-size-default\">Verwaltung der Cookie-Zustimmung<\/h2>\t\t<\/div>\n\t\t\t\t<\/div>\n\t\t\t\t<div class=\"elementor-element elementor-element-76edaff elementor-widget elementor-widget-text-editor\" data-id=\"76edaff\" data-element_type=\"widget\" data-widget_type=\"text-editor.default\">\n\t\t\t\t<div class=\"elementor-widget-container\">\n\t\t\t\t\t\t\t<p>Die Entscheidung, ob die Website die Verwendung von Cookies vollst\u00e4ndig erm\u00f6glichen soll, liegt ganz bei Ihnen. Es ist zu beachten, dass die Website nur optimal funktioniert, wenn die Verwendung von Cookies aktiviert ist. Wenn Sie Mitglied eines oder mehrerer der folgenden sozialen Netzwerke sind und nicht m\u00f6chten, dass der Betreiber die Daten, die sich auf Ihre Nutzung der Dienste beziehen, mit Ihren Mitgliedsdaten verkn\u00fcpft, die der Betreiber bereits gespeichert hat, melden Sie sich von dem sozialen Netzwerk ab, bevor Sie unsere Dienste nutzen.<\/p>\n\t\t\t\t\t\t<\/div>\n\t\t\t\t<\/div>\n\t\t\t\t<div class=\"elementor-element elementor-element-80a9f1b elementor-widget elementor-widget-heading\" data-id=\"80a9f1b\" data-element_type=\"widget\" data-widget_type=\"heading.default\">\n\t\t\t\t<div class=\"elementor-widget-container\">\n\t\t\t<h2 class=\"elementor-heading-title elementor-size-default\">Deaktivieren von Cookies?<\/h2>\t\t<\/div>\n\t\t\t\t<\/div>\n\t\t\t\t<div class=\"elementor-element elementor-element-918ad73 elementor-widget elementor-widget-text-editor\" data-id=\"918ad73\" data-element_type=\"widget\" data-widget_type=\"text-editor.default\">\n\t\t\t\t<div class=\"elementor-widget-container\">\n\t\t\t\t\t\t\t<p>Durch Deaktivieren von Cookies entscheiden Sie, ob Cookies auf Ihrem Computer gespeichert werden d\u00fcrfen. Die Cookie-Einstellungen k\u00f6nnen in Ihrem Internetbrowser kontrolliert und konfiguriert werden. Sie sind berechtigt, den Empfang von Cookies zu verbieten, indem Sie diese Option im Men\u00fc &#8222;Tools\/Optionen&#8220; Ihres Webbrowser ausw\u00e4hlen.<\/p>\n\t\t\t\t\t\t<\/div>\n\t\t\t\t<\/div>\n\t\t\t\t\t<\/div>\n\t\t\t\t<\/div>\n\t\t\t\t<\/div>\n\t\t","protected":false},"excerpt":{"rendered":"<p>GOIN j.d.o.o. als Eigent\u00fcmer dieser Websites respektiert die Privatsph\u00e4re der Besucher und wird Ihre pers\u00f6nlichen Daten niemals missbrauchen. Wir verwenden Google Analytics, um statistische Daten \u00fcber die Besuche auf unseren Websites zu sammeln. Schutz Ihrer pers\u00f6nlichen Daten bedeutet: Wir werden Ihre pers\u00f6nlichen Daten niemals missbrauchen. Wir werden Ihre Kontaktdaten niemals an Dritte weitergeben. Ihre Kontaktdaten [&hellip;]<\/p>\n","protected":false},"author":1,"featured_media":0,"parent":0,"menu_order":0,"comment_status":"closed","ping_status":"closed","template":"","meta":{"footnotes":""},"class_list":["post-2721","page","type-page","status-publish","hentry"],"_links":{"self":[{"href":"https:\/\/goin.hr\/de\/wp-json\/wp\/v2\/pages\/2721","targetHints":{"allow":["GET"]}}],"collection":[{"href":"https:\/\/goin.hr\/de\/wp-json\/wp\/v2\/pages"}],"about":[{"href":"https:\/\/goin.hr\/de\/wp-json\/wp\/v2\/types\/page"}],"author":[{"embeddable":true,"href":"https:\/\/goin.hr\/de\/wp-json\/wp\/v2\/users\/1"}],"replies":[{"embeddable":true,"href":"https:\/\/goin.hr\/de\/wp-json\/wp\/v2\/comments?post=2721"}],"version-history":[{"count":1,"href":"https:\/\/goin.hr\/de\/wp-json\/wp\/v2\/pages\/2721\/revisions"}],"predecessor-version":[{"id":2722,"href":"https:\/\/goin.hr\/de\/wp-json\/wp\/v2\/pages\/2721\/revisions\/2722"}],"wp:attachment":[{"href":"https:\/\/goin.hr\/de\/wp-json\/wp\/v2\/media?parent=2721"}],"curies":[{"name":"wp","href":"https:\/\/api.w.org\/{rel}","templated":true}]}}