{"id":2688,"date":"2024-03-07T19:19:07","date_gmt":"2024-03-07T18:19:07","guid":{"rendered":"https:\/\/goin.hr\/stuehle\/"},"modified":"2024-09-23T14:24:06","modified_gmt":"2024-09-23T13:24:06","slug":"stuehle","status":"publish","type":"page","link":"https:\/\/goin.hr\/de\/stuehle\/","title":{"rendered":"St\u00fchle"},"content":{"rendered":"\t\t<div data-elementor-type=\"wp-page\" data-elementor-id=\"2688\" class=\"elementor elementor-2688 elementor-347\" data-elementor-post-type=\"page\">\n\t\t\t\t<div class=\"elementor-element elementor-element-0c13ade e-flex e-con-boxed e-con e-parent\" data-id=\"0c13ade\" data-element_type=\"container\" data-core-v316-plus=\"true\">\n\t\t\t\t\t<div class=\"e-con-inner\">\n\t\t<div class=\"elementor-element elementor-element-8b10de9 e-flex e-con-boxed e-con e-child\" data-id=\"8b10de9\" data-element_type=\"container\" data-settings=\"{&quot;background_background&quot;:&quot;classic&quot;}\">\n\t\t\t\t\t<div class=\"e-con-inner\">\n\t\t<div class=\"elementor-element elementor-element-ac86e9f e-con-full e-flex e-con e-child\" data-id=\"ac86e9f\" data-element_type=\"container\">\n\t\t\t\t<div class=\"elementor-element elementor-element-0a8d039 elementor-widget elementor-widget-heading\" data-id=\"0a8d039\" data-element_type=\"widget\" data-widget_type=\"heading.default\">\n\t\t\t\t<div class=\"elementor-widget-container\">\n\t\t\t<style>\/*! elementor - v3.20.0 - 26-03-2024 *\/\n.elementor-heading-title{padding:0;margin:0;line-height:1}.elementor-widget-heading .elementor-heading-title[class*=elementor-size-]>a{color:inherit;font-size:inherit;line-height:inherit}.elementor-widget-heading .elementor-heading-title.elementor-size-small{font-size:15px}.elementor-widget-heading .elementor-heading-title.elementor-size-medium{font-size:19px}.elementor-widget-heading .elementor-heading-title.elementor-size-large{font-size:29px}.elementor-widget-heading .elementor-heading-title.elementor-size-xl{font-size:39px}.elementor-widget-heading .elementor-heading-title.elementor-size-xxl{font-size:59px}<\/style><h1 class=\"elementor-heading-title elementor-size-default\">ST\u00dcHLE<\/h1>\t\t<\/div>\n\t\t\t\t<\/div>\n\t\t<div class=\"elementor-element elementor-element-4dc7881 e-flex e-con-boxed e-con e-child\" data-id=\"4dc7881\" data-element_type=\"container\">\n\t\t\t\t\t<div class=\"e-con-inner\">\n\t\t\t\t<div class=\"elementor-element elementor-element-94d292e elementor-widget-divider--view-line elementor-widget elementor-widget-divider\" data-id=\"94d292e\" data-element_type=\"widget\" data-widget_type=\"divider.default\">\n\t\t\t\t<div class=\"elementor-widget-container\">\n\t\t\t<style>\/*! elementor - v3.20.0 - 26-03-2024 *\/\n.elementor-widget-divider{--divider-border-style:none;--divider-border-width:1px;--divider-color:#0c0d0e;--divider-icon-size:20px;--divider-element-spacing:10px;--divider-pattern-height:24px;--divider-pattern-size:20px;--divider-pattern-url:none;--divider-pattern-repeat:repeat-x}.elementor-widget-divider .elementor-divider{display:flex}.elementor-widget-divider .elementor-divider__text{font-size:15px;line-height:1;max-width:95%}.elementor-widget-divider .elementor-divider__element{margin:0 var(--divider-element-spacing);flex-shrink:0}.elementor-widget-divider .elementor-icon{font-size:var(--divider-icon-size)}.elementor-widget-divider .elementor-divider-separator{display:flex;margin:0;direction:ltr}.elementor-widget-divider--view-line_icon .elementor-divider-separator,.elementor-widget-divider--view-line_text .elementor-divider-separator{align-items:center}.elementor-widget-divider--view-line_icon .elementor-divider-separator:after,.elementor-widget-divider--view-line_icon .elementor-divider-separator:before,.elementor-widget-divider--view-line_text .elementor-divider-separator:after,.elementor-widget-divider--view-line_text .elementor-divider-separator:before{display:block;content:\"\";border-block-end:0;flex-grow:1;border-block-start:var(--divider-border-width) var(--divider-border-style) var(--divider-color)}.elementor-widget-divider--element-align-left .elementor-divider .elementor-divider-separator>.elementor-divider__svg:first-of-type{flex-grow:0;flex-shrink:100}.elementor-widget-divider--element-align-left .elementor-divider-separator:before{content:none}.elementor-widget-divider--element-align-left .elementor-divider__element{margin-left:0}.elementor-widget-divider--element-align-right .elementor-divider .elementor-divider-separator>.elementor-divider__svg:last-of-type{flex-grow:0;flex-shrink:100}.elementor-widget-divider--element-align-right .elementor-divider-separator:after{content:none}.elementor-widget-divider--element-align-right .elementor-divider__element{margin-right:0}.elementor-widget-divider--element-align-start .elementor-divider .elementor-divider-separator>.elementor-divider__svg:first-of-type{flex-grow:0;flex-shrink:100}.elementor-widget-divider--element-align-start .elementor-divider-separator:before{content:none}.elementor-widget-divider--element-align-start .elementor-divider__element{margin-inline-start:0}.elementor-widget-divider--element-align-end .elementor-divider .elementor-divider-separator>.elementor-divider__svg:last-of-type{flex-grow:0;flex-shrink:100}.elementor-widget-divider--element-align-end .elementor-divider-separator:after{content:none}.elementor-widget-divider--element-align-end .elementor-divider__element{margin-inline-end:0}.elementor-widget-divider:not(.elementor-widget-divider--view-line_text):not(.elementor-widget-divider--view-line_icon) .elementor-divider-separator{border-block-start:var(--divider-border-width) var(--divider-border-style) var(--divider-color)}.elementor-widget-divider--separator-type-pattern{--divider-border-style:none}.elementor-widget-divider--separator-type-pattern.elementor-widget-divider--view-line .elementor-divider-separator,.elementor-widget-divider--separator-type-pattern:not(.elementor-widget-divider--view-line) .elementor-divider-separator:after,.elementor-widget-divider--separator-type-pattern:not(.elementor-widget-divider--view-line) .elementor-divider-separator:before,.elementor-widget-divider--separator-type-pattern:not([class*=elementor-widget-divider--view]) .elementor-divider-separator{width:100%;min-height:var(--divider-pattern-height);-webkit-mask-size:var(--divider-pattern-size) 100%;mask-size:var(--divider-pattern-size) 100%;-webkit-mask-repeat:var(--divider-pattern-repeat);mask-repeat:var(--divider-pattern-repeat);background-color:var(--divider-color);-webkit-mask-image:var(--divider-pattern-url);mask-image:var(--divider-pattern-url)}.elementor-widget-divider--no-spacing{--divider-pattern-size:auto}.elementor-widget-divider--bg-round{--divider-pattern-repeat:round}.rtl .elementor-widget-divider .elementor-divider__text{direction:rtl}.e-con-inner>.elementor-widget-divider,.e-con>.elementor-widget-divider{width:var(--container-widget-width,100%);--flex-grow:var(--container-widget-flex-grow)}<\/style>\t\t<div class=\"elementor-divider\">\n\t\t\t<span class=\"elementor-divider-separator\">\n\t\t\t\t\t\t<\/span>\n\t\t<\/div>\n\t\t\t\t<\/div>\n\t\t\t\t<\/div>\n\t\t\t\t<div class=\"elementor-element elementor-element-b6fb761 elementor-widget elementor-widget-button\" data-id=\"b6fb761\" data-element_type=\"widget\" data-widget_type=\"button.default\">\n\t\t\t\t<div class=\"elementor-widget-container\">\n\t\t\t\t\t<div class=\"elementor-button-wrapper\">\n\t\t\t<a class=\"elementor-button elementor-button-link elementor-size-sm\" href=\"https:\/\/goin.hr\/de\/konfigurator\/\">\n\t\t\t\t\t\t<span class=\"elementor-button-content-wrapper\">\n\t\t\t\t\t\t<span class=\"elementor-button-text\">Konfigurator<\/span>\n\t\t<\/span>\n\t\t\t\t\t<\/a>\n\t\t<\/div>\n\t\t\t\t<\/div>\n\t\t\t\t<\/div>\n\t\t\t\t\t<\/div>\n\t\t\t\t<\/div>\n\t\t\t\t<\/div>\n\t\t<div class=\"elementor-element elementor-element-1dce837 e-flex e-con-boxed e-con e-child\" data-id=\"1dce837\" data-element_type=\"container\">\n\t\t\t\t\t<div class=\"e-con-inner\">\n\t\t\t\t<div class=\"elementor-element elementor-element-c86ee8c elementor-widget-divider--view-line elementor-widget elementor-widget-divider\" data-id=\"c86ee8c\" data-element_type=\"widget\" data-widget_type=\"divider.default\">\n\t\t\t\t<div class=\"elementor-widget-container\">\n\t\t\t\t\t<div class=\"elementor-divider\">\n\t\t\t<span class=\"elementor-divider-separator\">\n\t\t\t\t\t\t<\/span>\n\t\t<\/div>\n\t\t\t\t<\/div>\n\t\t\t\t<\/div>\n\t\t\t\t<div class=\"elementor-element elementor-element-99589d1 elementor-widget elementor-widget-text-editor\" data-id=\"99589d1\" data-element_type=\"widget\" data-widget_type=\"text-editor.default\">\n\t\t\t\t<div class=\"elementor-widget-container\">\n\t\t\t<style>\/*! elementor - v3.20.0 - 26-03-2024 *\/\n.elementor-widget-text-editor.elementor-drop-cap-view-stacked .elementor-drop-cap{background-color:#69727d;color:#fff}.elementor-widget-text-editor.elementor-drop-cap-view-framed .elementor-drop-cap{color:#69727d;border:3px solid;background-color:transparent}.elementor-widget-text-editor:not(.elementor-drop-cap-view-default) .elementor-drop-cap{margin-top:8px}.elementor-widget-text-editor:not(.elementor-drop-cap-view-default) .elementor-drop-cap-letter{width:1em;height:1em}.elementor-widget-text-editor .elementor-drop-cap{float:left;text-align:center;line-height:1;font-size:50px}.elementor-widget-text-editor .elementor-drop-cap-letter{display:inline-block}<\/style>\t\t\t\t<p>Unsere St\u00fchle werden aus hochwertigen Materialien hergestellt und sorgf\u00e4ltig f\u00fcr maximalen Komfort gestaltet. Sie sind in verschiedenen Stilen und Farben erh\u00e4ltlich, um zu jedem Interieur und Raum zu passen.<\/p>\n\t\t\t\t\t\t<\/div>\n\t\t\t\t<\/div>\n\t\t\t\t\t<\/div>\n\t\t\t\t<\/div>\n\t\t\t\t\t<\/div>\n\t\t\t\t<\/div>\n\t\t\t\t\t<\/div>\n\t\t\t\t<\/div>\n\t\t<div class=\"elementor-element elementor-element-b1be346 e-con-full e-flex e-con e-parent\" data-id=\"b1be346\" data-element_type=\"container\" data-core-v316-plus=\"true\">\n\t\t<div class=\"elementor-element elementor-element-604aa25 e-flex e-con-boxed e-con e-child\" data-id=\"604aa25\" data-element_type=\"container\">\n\t\t\t\t\t<div class=\"e-con-inner\">\n\t\t\t\t<div class=\"elementor-element elementor-element-1d3ffd9 elementor-widget elementor-widget-heading\" data-id=\"1d3ffd9\" data-element_type=\"widget\" data-widget_type=\"heading.default\">\n\t\t\t\t<div class=\"elementor-widget-container\">\n\t\t\t<h4 class=\"elementor-heading-title elementor-size-default\">Beratung und Design<\/h4>\t\t<\/div>\n\t\t\t\t<\/div>\n\t\t\t\t<div class=\"elementor-element elementor-element-a6f477b elementor-widget elementor-widget-heading\" data-id=\"a6f477b\" data-element_type=\"widget\" data-widget_type=\"heading.default\">\n\t\t\t\t<div class=\"elementor-widget-container\">\n\t\t\t<h2 class=\"elementor-heading-title elementor-size-default\">Ma\u00dfanfertigung<\/h2>\t\t<\/div>\n\t\t\t\t<\/div>\n\t\t\t\t\t<\/div>\n\t\t\t\t<\/div>\n\t\t<div class=\"elementor-element elementor-element-e6331d5 e-flex e-con-boxed e-con e-child\" data-id=\"e6331d5\" data-element_type=\"container\">\n\t\t\t\t\t<div class=\"e-con-inner\">\n\t\t<div class=\"elementor-element elementor-element-a3bd94c e-con-full e-flex e-con e-child\" data-id=\"a3bd94c\" data-element_type=\"container\">\n\t\t\t\t<div class=\"elementor-element elementor-element-323a98e elementor-widget elementor-widget-image\" data-id=\"323a98e\" data-element_type=\"widget\" data-widget_type=\"image.default\">\n\t\t\t\t<div class=\"elementor-widget-container\">\n\t\t\t<style>\/*! elementor - v3.20.0 - 26-03-2024 *\/\n.elementor-widget-image{text-align:center}.elementor-widget-image a{display:inline-block}.elementor-widget-image a img[src$=\".svg\"]{width:48px}.elementor-widget-image img{vertical-align:middle;display:inline-block}<\/style>\t\t\t\t\t\t\t\t\t\t<img fetchpriority=\"high\" decoding=\"async\" width=\"2560\" height=\"1861\" src=\"https:\/\/goin.hr\/wp-content\/uploads\/2024\/09\/Stolica_hrast_1-scaled.jpg\" class=\"attachment-full size-full wp-image-4747\" alt=\"\" srcset=\"https:\/\/goin.hr\/wp-content\/uploads\/2024\/09\/Stolica_hrast_1-scaled.jpg 2560w, https:\/\/goin.hr\/wp-content\/uploads\/2024\/09\/Stolica_hrast_1-300x218.jpg 300w, https:\/\/goin.hr\/wp-content\/uploads\/2024\/09\/Stolica_hrast_1-1024x744.jpg 1024w, https:\/\/goin.hr\/wp-content\/uploads\/2024\/09\/Stolica_hrast_1-768x558.jpg 768w, https:\/\/goin.hr\/wp-content\/uploads\/2024\/09\/Stolica_hrast_1-1536x1116.jpg 1536w, https:\/\/goin.hr\/wp-content\/uploads\/2024\/09\/Stolica_hrast_1-2048x1488.jpg 2048w\" sizes=\"(max-width: 2560px) 100vw, 2560px\" \/>\t\t\t\t\t\t\t\t\t\t\t\t\t<\/div>\n\t\t\t\t<\/div>\n\t\t\t\t<div class=\"elementor-element elementor-element-2149068 elementor-widget elementor-widget-image\" data-id=\"2149068\" data-element_type=\"widget\" data-widget_type=\"image.default\">\n\t\t\t\t<div class=\"elementor-widget-container\">\n\t\t\t\t\t\t\t\t\t\t\t\t\t<img decoding=\"async\" width=\"2560\" height=\"1861\" src=\"https:\/\/goin.hr\/wp-content\/uploads\/2024\/09\/Stolica_hrast_4-scaled.jpg\" class=\"attachment-full size-full wp-image-4756\" alt=\"\" srcset=\"https:\/\/goin.hr\/wp-content\/uploads\/2024\/09\/Stolica_hrast_4-scaled.jpg 2560w, https:\/\/goin.hr\/wp-content\/uploads\/2024\/09\/Stolica_hrast_4-300x218.jpg 300w, https:\/\/goin.hr\/wp-content\/uploads\/2024\/09\/Stolica_hrast_4-1024x744.jpg 1024w, https:\/\/goin.hr\/wp-content\/uploads\/2024\/09\/Stolica_hrast_4-768x558.jpg 768w, https:\/\/goin.hr\/wp-content\/uploads\/2024\/09\/Stolica_hrast_4-1536x1116.jpg 1536w, https:\/\/goin.hr\/wp-content\/uploads\/2024\/09\/Stolica_hrast_4-2048x1488.jpg 2048w\" sizes=\"(max-width: 2560px) 100vw, 2560px\" \/>\t\t\t\t\t\t\t\t\t\t\t\t\t<\/div>\n\t\t\t\t<\/div>\n\t\t\t\t<\/div>\n\t\t<div class=\"elementor-element elementor-element-e2dfd6e e-con-full e-flex e-con e-child\" data-id=\"e2dfd6e\" data-element_type=\"container\">\n\t\t\t\t<div class=\"elementor-element elementor-element-293a6df elementor-widget elementor-widget-image\" data-id=\"293a6df\" data-element_type=\"widget\" data-widget_type=\"image.default\">\n\t\t\t\t<div class=\"elementor-widget-container\">\n\t\t\t\t\t\t\t\t\t\t\t\t\t<img decoding=\"async\" width=\"2560\" height=\"1861\" src=\"https:\/\/goin.hr\/wp-content\/uploads\/2024\/09\/Stolica_hrast_3-scaled.jpg\" class=\"attachment-full size-full wp-image-4750\" alt=\"\" srcset=\"https:\/\/goin.hr\/wp-content\/uploads\/2024\/09\/Stolica_hrast_3-scaled.jpg 2560w, https:\/\/goin.hr\/wp-content\/uploads\/2024\/09\/Stolica_hrast_3-300x218.jpg 300w, https:\/\/goin.hr\/wp-content\/uploads\/2024\/09\/Stolica_hrast_3-1024x744.jpg 1024w, https:\/\/goin.hr\/wp-content\/uploads\/2024\/09\/Stolica_hrast_3-768x558.jpg 768w, https:\/\/goin.hr\/wp-content\/uploads\/2024\/09\/Stolica_hrast_3-1536x1116.jpg 1536w, https:\/\/goin.hr\/wp-content\/uploads\/2024\/09\/Stolica_hrast_3-2048x1488.jpg 2048w\" sizes=\"(max-width: 2560px) 100vw, 2560px\" \/>\t\t\t\t\t\t\t\t\t\t\t\t\t<\/div>\n\t\t\t\t<\/div>\n\t\t\t\t<div class=\"elementor-element elementor-element-8a361f2 elementor-widget elementor-widget-image\" data-id=\"8a361f2\" data-element_type=\"widget\" data-widget_type=\"image.default\">\n\t\t\t\t<div class=\"elementor-widget-container\">\n\t\t\t\t\t\t\t\t\t\t\t\t\t<img loading=\"lazy\" decoding=\"async\" width=\"2560\" height=\"1861\" src=\"https:\/\/goin.hr\/wp-content\/uploads\/2024\/09\/Stolica_hrast_2-scaled.jpg\" class=\"attachment-full size-full wp-image-4753\" alt=\"\" srcset=\"https:\/\/goin.hr\/wp-content\/uploads\/2024\/09\/Stolica_hrast_2-scaled.jpg 2560w, https:\/\/goin.hr\/wp-content\/uploads\/2024\/09\/Stolica_hrast_2-300x218.jpg 300w, https:\/\/goin.hr\/wp-content\/uploads\/2024\/09\/Stolica_hrast_2-1024x744.jpg 1024w, https:\/\/goin.hr\/wp-content\/uploads\/2024\/09\/Stolica_hrast_2-768x558.jpg 768w, https:\/\/goin.hr\/wp-content\/uploads\/2024\/09\/Stolica_hrast_2-1536x1116.jpg 1536w, https:\/\/goin.hr\/wp-content\/uploads\/2024\/09\/Stolica_hrast_2-2048x1488.jpg 2048w\" sizes=\"(max-width: 2560px) 100vw, 2560px\" \/>\t\t\t\t\t\t\t\t\t\t\t\t\t<\/div>\n\t\t\t\t<\/div>\n\t\t\t\t<\/div>\n\t\t<div class=\"elementor-element elementor-element-0b56b18 e-con-full e-flex e-con e-child\" data-id=\"0b56b18\" data-element_type=\"container\">\n\t\t\t\t<div class=\"elementor-element elementor-element-3a622e3 elementor-widget-divider--view-line elementor-widget elementor-widget-divider\" data-id=\"3a622e3\" data-element_type=\"widget\" data-widget_type=\"divider.default\">\n\t\t\t\t<div class=\"elementor-widget-container\">\n\t\t\t\t\t<div class=\"elementor-divider\">\n\t\t\t<span class=\"elementor-divider-separator\">\n\t\t\t\t\t\t<\/span>\n\t\t<\/div>\n\t\t\t\t<\/div>\n\t\t\t\t<\/div>\n\t\t\t\t<div class=\"elementor-element elementor-element-f9ba479 elementor-widget elementor-widget-text-editor\" data-id=\"f9ba479\" data-element_type=\"widget\" data-widget_type=\"text-editor.default\">\n\t\t\t\t<div class=\"elementor-widget-container\">\n\t\t\t\t\t\t\t<p>Wir bieten ma\u00dfgeschneiderte Stuhlanfertigung aus Massivholz an, die Ihren individuellen Bed\u00fcrfnissen und W\u00fcnschen entspricht. Beratung und Innenraumdesign mit Schwerpunkt auf der Suche nach den perfekten St\u00fchlen f\u00fcr Ihren Raum.<\/p>\n\t\t\t\t\t\t<\/div>\n\t\t\t\t<\/div>\n\t\t\t\t<\/div>\n\t\t\t\t\t<\/div>\n\t\t\t\t<\/div>\n\t\t\t\t<\/div>\n\t\t<div class=\"elementor-element elementor-element-4032c9c e-flex e-con-boxed e-con e-parent\" data-id=\"4032c9c\" data-element_type=\"container\" data-core-v316-plus=\"true\">\n\t\t\t\t\t<div class=\"e-con-inner\">\n\t\t<div class=\"elementor-element elementor-element-b7f1d38 e-flex e-con-boxed e-con e-child\" data-id=\"b7f1d38\" data-element_type=\"container\">\n\t\t\t\t\t<div class=\"e-con-inner\">\n\t\t\t\t<div class=\"elementor-element elementor-element-8f91090 elementor-arrows-position-inside elementor-pagination-position-outside elementor-widget elementor-widget-image-carousel\" data-id=\"8f91090\" data-element_type=\"widget\" data-settings=\"{&quot;navigation&quot;:&quot;both&quot;,&quot;autoplay&quot;:&quot;yes&quot;,&quot;pause_on_hover&quot;:&quot;yes&quot;,&quot;pause_on_interaction&quot;:&quot;yes&quot;,&quot;autoplay_speed&quot;:5000,&quot;infinite&quot;:&quot;yes&quot;,&quot;speed&quot;:500}\" data-widget_type=\"image-carousel.default\">\n\t\t\t\t<div class=\"elementor-widget-container\">\n\t\t\t<style>\/*! elementor - v3.20.0 - 26-03-2024 *\/\n.elementor-widget-image-carousel .swiper,.elementor-widget-image-carousel .swiper-container{position:static}.elementor-widget-image-carousel .swiper-container .swiper-slide figure,.elementor-widget-image-carousel .swiper .swiper-slide figure{line-height:inherit}.elementor-widget-image-carousel .swiper-slide{text-align:center}.elementor-image-carousel-wrapper:not(.swiper-container-initialized):not(.swiper-initialized) .swiper-slide{max-width:calc(100% \/ var(--e-image-carousel-slides-to-show, 3))}<\/style>\t\t<div class=\"elementor-image-carousel-wrapper swiper\" dir=\"ltr\">\n\t\t\t<div class=\"elementor-image-carousel swiper-wrapper\" aria-live=\"off\">\n\t\t\t\t\t\t\t\t<div class=\"swiper-slide\" role=\"group\" aria-roledescription=\"slide\" aria-label=\"1 von 3\"><figure class=\"swiper-slide-inner\"><img decoding=\"async\" class=\"swiper-slide-image\" src=\"https:\/\/goin.hr\/wp-content\/uploads\/2024\/09\/Stolica_hrast_5-1024x744.jpg\" alt=\"Stolica_hrast_5\" \/><\/figure><\/div><div class=\"swiper-slide\" role=\"group\" aria-roledescription=\"slide\" aria-label=\"2 von 3\"><figure class=\"swiper-slide-inner\"><img decoding=\"async\" class=\"swiper-slide-image\" src=\"https:\/\/goin.hr\/wp-content\/uploads\/2024\/09\/Stolica_hrast_6-1024x744.jpg\" alt=\"Stolica_hrast_6\" \/><\/figure><\/div><div class=\"swiper-slide\" role=\"group\" aria-roledescription=\"slide\" aria-label=\"3 von 3\"><figure class=\"swiper-slide-inner\"><img decoding=\"async\" class=\"swiper-slide-image\" src=\"https:\/\/goin.hr\/wp-content\/uploads\/2024\/09\/Stolica_hrast_7-1024x744.jpg\" alt=\"Stolica_hrast_7\" \/><\/figure><\/div>\t\t\t<\/div>\n\t\t\t\t\t\t\t\t\t\t\t\t<div class=\"elementor-swiper-button elementor-swiper-button-prev\" role=\"button\" tabindex=\"0\">\n\t\t\t\t\t\t<svg aria-hidden=\"true\" class=\"e-font-icon-svg e-eicon-chevron-left\" viewBox=\"0 0 1000 1000\" xmlns=\"http:\/\/www.w3.org\/2000\/svg\"><path d=\"M646 125C629 125 613 133 604 142L308 442C296 454 292 471 292 487 292 504 296 521 308 533L604 854C617 867 629 875 646 875 663 875 679 871 692 858 704 846 713 829 713 812 713 796 708 779 692 767L438 487 692 225C700 217 708 204 708 187 708 171 704 154 692 142 675 129 663 125 646 125Z\"><\/path><\/svg>\t\t\t\t\t<\/div>\n\t\t\t\t\t<div class=\"elementor-swiper-button elementor-swiper-button-next\" role=\"button\" tabindex=\"0\">\n\t\t\t\t\t\t<svg aria-hidden=\"true\" class=\"e-font-icon-svg e-eicon-chevron-right\" viewBox=\"0 0 1000 1000\" xmlns=\"http:\/\/www.w3.org\/2000\/svg\"><path d=\"M696 533C708 521 713 504 713 487 713 471 708 454 696 446L400 146C388 133 375 125 354 125 338 125 325 129 313 142 300 154 292 171 292 187 292 204 296 221 308 233L563 492 304 771C292 783 288 800 288 817 288 833 296 850 308 863 321 871 338 875 354 875 371 875 388 867 400 854L696 533Z\"><\/path><\/svg>\t\t\t\t\t<\/div>\n\t\t\t\t\n\t\t\t\t\t\t\t\t\t<div class=\"swiper-pagination\"><\/div>\n\t\t\t\t\t\t\t\t\t<\/div>\n\t\t\t\t<\/div>\n\t\t\t\t<\/div>\n\t\t\t\t\t<\/div>\n\t\t\t\t<\/div>\n\t\t\t\t<div class=\"elementor-element elementor-element-fba8743 elementor-widget elementor-widget-template\" data-id=\"fba8743\" data-element_type=\"widget\" data-widget_type=\"template.default\">\n\t\t\t\t<div class=\"elementor-widget-container\">\n\t\t\t\t\t<div class=\"elementor-template\">\n\t\t\t\t\t<div data-elementor-type=\"container\" data-elementor-id=\"2968\" class=\"elementor elementor-2968 elementor-2802\" data-elementor-post-type=\"elementor_library\">\n\t\t\t\t<div class=\"elementor-element elementor-element-43be3909 e-flex e-con-boxed e-con e-parent\" data-id=\"43be3909\" data-element_type=\"container\" data-core-v316-plus=\"true\">\n\t\t\t\t\t<div class=\"e-con-inner\">\n\t\t<div class=\"elementor-element elementor-element-6dd35d80 e-con-full e-flex e-con e-child\" data-id=\"6dd35d80\" data-element_type=\"container\">\n\t\t\t\t<div class=\"elementor-element elementor-element-6b1c368e elementor-widget elementor-widget-heading\" data-id=\"6b1c368e\" data-element_type=\"widget\" data-widget_type=\"heading.default\">\n\t\t\t\t<div class=\"elementor-widget-container\">\n\t\t\t<h2 class=\"elementor-heading-title elementor-size-default\">Rufen Sie uns an<\/h2>\t\t<\/div>\n\t\t\t\t<\/div>\n\t\t\t\t<div class=\"elementor-element elementor-element-61f504f8 elementor-widget elementor-widget-heading\" data-id=\"61f504f8\" data-element_type=\"widget\" data-widget_type=\"heading.default\">\n\t\t\t\t<div class=\"elementor-widget-container\">\n\t\t\t<h2 class=\"elementor-heading-title elementor-size-default\">+385 99 251 36 56<\/h2>\t\t<\/div>\n\t\t\t\t<\/div>\n\t\t\t\t<\/div>\n\t\t<div class=\"elementor-element elementor-element-ba99d60 e-con-full e-flex e-con e-child\" data-id=\"ba99d60\" data-element_type=\"container\">\n\t\t\t\t<div class=\"elementor-element elementor-element-7f57df01 elementor-widget elementor-widget-heading\" data-id=\"7f57df01\" data-element_type=\"widget\" data-widget_type=\"heading.default\">\n\t\t\t\t<div class=\"elementor-widget-container\">\n\t\t\t<h2 class=\"elementor-heading-title elementor-size-default\">Senden Sie eine Nachricht<\/h2>\t\t<\/div>\n\t\t\t\t<\/div>\n\t\t\t\t<div class=\"elementor-element elementor-element-125a3214 elementor-widget elementor-widget-heading\" data-id=\"125a3214\" data-element_type=\"widget\" data-widget_type=\"heading.default\">\n\t\t\t\t<div class=\"elementor-widget-container\">\n\t\t\t<h2 class=\"elementor-heading-title elementor-size-default\">info@goin.hr<\/h2>\t\t<\/div>\n\t\t\t\t<\/div>\n\t\t\t\t<\/div>\n\t\t\t\t\t<\/div>\n\t\t\t\t<\/div>\n\t\t\t\t<\/div>\n\t\t\t\t<\/div>\n\t\t\t\t<\/div>\n\t\t\t\t<\/div>\n\t\t\t\t\t<\/div>\n\t\t\t\t<\/div>\n\t\t\t\t<\/div>\n\t\t","protected":false},"excerpt":{"rendered":"<p>ST\u00dcHLE Konfigurator Unsere St\u00fchle werden aus hochwertigen Materialien hergestellt und sorgf\u00e4ltig f\u00fcr maximalen Komfort gestaltet. Sie sind in verschiedenen Stilen und Farben erh\u00e4ltlich, um zu jedem Interieur und Raum zu passen. Beratung und Design Ma\u00dfanfertigung Wir bieten ma\u00dfgeschneiderte Stuhlanfertigung aus Massivholz an, die Ihren individuellen Bed\u00fcrfnissen und W\u00fcnschen entspricht. Beratung und Innenraumdesign mit Schwerpunkt auf [&hellip;]<\/p>\n","protected":false},"author":1,"featured_media":2689,"parent":0,"menu_order":0,"comment_status":"closed","ping_status":"closed","template":"","meta":{"footnotes":""},"class_list":["post-2688","page","type-page","status-publish","has-post-thumbnail","hentry"],"_links":{"self":[{"href":"https:\/\/goin.hr\/de\/wp-json\/wp\/v2\/pages\/2688","targetHints":{"allow":["GET"]}}],"collection":[{"href":"https:\/\/goin.hr\/de\/wp-json\/wp\/v2\/pages"}],"about":[{"href":"https:\/\/goin.hr\/de\/wp-json\/wp\/v2\/types\/page"}],"author":[{"embeddable":true,"href":"https:\/\/goin.hr\/de\/wp-json\/wp\/v2\/users\/1"}],"replies":[{"embeddable":true,"href":"https:\/\/goin.hr\/de\/wp-json\/wp\/v2\/comments?post=2688"}],"version-history":[{"count":6,"href":"https:\/\/goin.hr\/de\/wp-json\/wp\/v2\/pages\/2688\/revisions"}],"predecessor-version":[{"id":4772,"href":"https:\/\/goin.hr\/de\/wp-json\/wp\/v2\/pages\/2688\/revisions\/4772"}],"wp:featuredmedia":[{"embeddable":true,"href":"https:\/\/goin.hr\/de\/wp-json\/wp\/v2\/media\/2689"}],"wp:attachment":[{"href":"https:\/\/goin.hr\/de\/wp-json\/wp\/v2\/media?parent=2688"}],"curies":[{"name":"wp","href":"https:\/\/api.w.org\/{rel}","templated":true}]}}