{"id":2680,"date":"2024-03-07T19:18:28","date_gmt":"2024-03-07T18:18:28","guid":{"rendered":"https:\/\/goin.hr\/baenke\/"},"modified":"2024-04-15T14:45:09","modified_gmt":"2024-04-15T13:45:09","slug":"baenke","status":"publish","type":"page","link":"https:\/\/goin.hr\/de\/baenke\/","title":{"rendered":"B\u00e4nke"},"content":{"rendered":"\t\t<div data-elementor-type=\"wp-page\" data-elementor-id=\"2680\" class=\"elementor elementor-2680 elementor-344\" data-elementor-post-type=\"page\">\n\t\t\t\t<div class=\"elementor-element elementor-element-1238bb0 e-flex e-con-boxed e-con e-parent\" data-id=\"1238bb0\" data-element_type=\"container\" data-core-v316-plus=\"true\">\n\t\t\t\t\t<div class=\"e-con-inner\">\n\t\t<div class=\"elementor-element elementor-element-ef12e1a e-flex e-con-boxed e-con e-child\" data-id=\"ef12e1a\" data-element_type=\"container\" data-settings=\"{&quot;background_background&quot;:&quot;classic&quot;}\">\n\t\t\t\t\t<div class=\"e-con-inner\">\n\t\t\t\t<div class=\"elementor-element elementor-element-05302bf elementor-hidden-desktop elementor-hidden-laptop elementor-widget elementor-widget-image\" data-id=\"05302bf\" data-element_type=\"widget\" data-widget_type=\"image.default\">\n\t\t\t\t<div class=\"elementor-widget-container\">\n\t\t\t<style>\/*! elementor - v3.20.0 - 26-03-2024 *\/\n.elementor-widget-image{text-align:center}.elementor-widget-image a{display:inline-block}.elementor-widget-image a img[src$=\".svg\"]{width:48px}.elementor-widget-image img{vertical-align:middle;display:inline-block}<\/style>\t\t\t\t\t\t\t\t\t\t<img fetchpriority=\"high\" decoding=\"async\" width=\"1950\" height=\"1380\" src=\"https:\/\/goin.hr\/wp-content\/uploads\/2024\/03\/Img461.png\" class=\"attachment-full size-full wp-image-1631\" alt=\"\" srcset=\"https:\/\/goin.hr\/wp-content\/uploads\/2024\/03\/Img461.png 1950w, https:\/\/goin.hr\/wp-content\/uploads\/2024\/03\/Img461-300x212.png 300w, https:\/\/goin.hr\/wp-content\/uploads\/2024\/03\/Img461-1024x725.png 1024w, https:\/\/goin.hr\/wp-content\/uploads\/2024\/03\/Img461-768x544.png 768w, https:\/\/goin.hr\/wp-content\/uploads\/2024\/03\/Img461-1536x1087.png 1536w\" sizes=\"(max-width: 1950px) 100vw, 1950px\" \/>\t\t\t\t\t\t\t\t\t\t\t\t\t<\/div>\n\t\t\t\t<\/div>\n\t\t<div class=\"elementor-element elementor-element-0283c7d e-flex e-con-boxed e-con e-child\" data-id=\"0283c7d\" data-element_type=\"container\">\n\t\t\t\t\t<div class=\"e-con-inner\">\n\t\t\t\t<div class=\"elementor-element elementor-element-32f5de6 elementor-widget elementor-widget-heading\" data-id=\"32f5de6\" data-element_type=\"widget\" data-widget_type=\"heading.default\">\n\t\t\t\t<div class=\"elementor-widget-container\">\n\t\t\t<style>\/*! elementor - v3.20.0 - 26-03-2024 *\/\n.elementor-heading-title{padding:0;margin:0;line-height:1}.elementor-widget-heading .elementor-heading-title[class*=elementor-size-]>a{color:inherit;font-size:inherit;line-height:inherit}.elementor-widget-heading .elementor-heading-title.elementor-size-small{font-size:15px}.elementor-widget-heading .elementor-heading-title.elementor-size-medium{font-size:19px}.elementor-widget-heading .elementor-heading-title.elementor-size-large{font-size:29px}.elementor-widget-heading .elementor-heading-title.elementor-size-xl{font-size:39px}.elementor-widget-heading .elementor-heading-title.elementor-size-xxl{font-size:59px}<\/style><h1 class=\"elementor-heading-title elementor-size-default\">B\u00c4NKE<\/h1>\t\t<\/div>\n\t\t\t\t<\/div>\n\t\t<div class=\"elementor-element elementor-element-1c9c505 e-flex e-con-boxed e-con e-child\" data-id=\"1c9c505\" data-element_type=\"container\">\n\t\t\t\t\t<div class=\"e-con-inner\">\n\t\t\t\t<div class=\"elementor-element elementor-element-9e42f36 elementor-widget-divider--view-line elementor-widget elementor-widget-divider\" data-id=\"9e42f36\" data-element_type=\"widget\" data-widget_type=\"divider.default\">\n\t\t\t\t<div class=\"elementor-widget-container\">\n\t\t\t<style>\/*! elementor - v3.20.0 - 26-03-2024 *\/\n.elementor-widget-divider{--divider-border-style:none;--divider-border-width:1px;--divider-color:#0c0d0e;--divider-icon-size:20px;--divider-element-spacing:10px;--divider-pattern-height:24px;--divider-pattern-size:20px;--divider-pattern-url:none;--divider-pattern-repeat:repeat-x}.elementor-widget-divider .elementor-divider{display:flex}.elementor-widget-divider .elementor-divider__text{font-size:15px;line-height:1;max-width:95%}.elementor-widget-divider .elementor-divider__element{margin:0 var(--divider-element-spacing);flex-shrink:0}.elementor-widget-divider .elementor-icon{font-size:var(--divider-icon-size)}.elementor-widget-divider .elementor-divider-separator{display:flex;margin:0;direction:ltr}.elementor-widget-divider--view-line_icon .elementor-divider-separator,.elementor-widget-divider--view-line_text .elementor-divider-separator{align-items:center}.elementor-widget-divider--view-line_icon .elementor-divider-separator:after,.elementor-widget-divider--view-line_icon .elementor-divider-separator:before,.elementor-widget-divider--view-line_text .elementor-divider-separator:after,.elementor-widget-divider--view-line_text .elementor-divider-separator:before{display:block;content:\"\";border-block-end:0;flex-grow:1;border-block-start:var(--divider-border-width) var(--divider-border-style) var(--divider-color)}.elementor-widget-divider--element-align-left .elementor-divider .elementor-divider-separator>.elementor-divider__svg:first-of-type{flex-grow:0;flex-shrink:100}.elementor-widget-divider--element-align-left .elementor-divider-separator:before{content:none}.elementor-widget-divider--element-align-left .elementor-divider__element{margin-left:0}.elementor-widget-divider--element-align-right .elementor-divider .elementor-divider-separator>.elementor-divider__svg:last-of-type{flex-grow:0;flex-shrink:100}.elementor-widget-divider--element-align-right .elementor-divider-separator:after{content:none}.elementor-widget-divider--element-align-right .elementor-divider__element{margin-right:0}.elementor-widget-divider--element-align-start .elementor-divider .elementor-divider-separator>.elementor-divider__svg:first-of-type{flex-grow:0;flex-shrink:100}.elementor-widget-divider--element-align-start .elementor-divider-separator:before{content:none}.elementor-widget-divider--element-align-start .elementor-divider__element{margin-inline-start:0}.elementor-widget-divider--element-align-end .elementor-divider .elementor-divider-separator>.elementor-divider__svg:last-of-type{flex-grow:0;flex-shrink:100}.elementor-widget-divider--element-align-end .elementor-divider-separator:after{content:none}.elementor-widget-divider--element-align-end .elementor-divider__element{margin-inline-end:0}.elementor-widget-divider:not(.elementor-widget-divider--view-line_text):not(.elementor-widget-divider--view-line_icon) .elementor-divider-separator{border-block-start:var(--divider-border-width) var(--divider-border-style) var(--divider-color)}.elementor-widget-divider--separator-type-pattern{--divider-border-style:none}.elementor-widget-divider--separator-type-pattern.elementor-widget-divider--view-line .elementor-divider-separator,.elementor-widget-divider--separator-type-pattern:not(.elementor-widget-divider--view-line) .elementor-divider-separator:after,.elementor-widget-divider--separator-type-pattern:not(.elementor-widget-divider--view-line) .elementor-divider-separator:before,.elementor-widget-divider--separator-type-pattern:not([class*=elementor-widget-divider--view]) .elementor-divider-separator{width:100%;min-height:var(--divider-pattern-height);-webkit-mask-size:var(--divider-pattern-size) 100%;mask-size:var(--divider-pattern-size) 100%;-webkit-mask-repeat:var(--divider-pattern-repeat);mask-repeat:var(--divider-pattern-repeat);background-color:var(--divider-color);-webkit-mask-image:var(--divider-pattern-url);mask-image:var(--divider-pattern-url)}.elementor-widget-divider--no-spacing{--divider-pattern-size:auto}.elementor-widget-divider--bg-round{--divider-pattern-repeat:round}.rtl .elementor-widget-divider .elementor-divider__text{direction:rtl}.e-con-inner>.elementor-widget-divider,.e-con>.elementor-widget-divider{width:var(--container-widget-width,100%);--flex-grow:var(--container-widget-flex-grow)}<\/style>\t\t<div class=\"elementor-divider\">\n\t\t\t<span class=\"elementor-divider-separator\">\n\t\t\t\t\t\t<\/span>\n\t\t<\/div>\n\t\t\t\t<\/div>\n\t\t\t\t<\/div>\n\t\t\t\t<div class=\"elementor-element elementor-element-7ab51bf elementor-widget__width-initial elementor-widget elementor-widget-text-editor\" data-id=\"7ab51bf\" data-element_type=\"widget\" data-widget_type=\"text-editor.default\">\n\t\t\t\t<div class=\"elementor-widget-container\">\n\t\t\t<style>\/*! elementor - v3.20.0 - 26-03-2024 *\/\n.elementor-widget-text-editor.elementor-drop-cap-view-stacked .elementor-drop-cap{background-color:#69727d;color:#fff}.elementor-widget-text-editor.elementor-drop-cap-view-framed .elementor-drop-cap{color:#69727d;border:3px solid;background-color:transparent}.elementor-widget-text-editor:not(.elementor-drop-cap-view-default) .elementor-drop-cap{margin-top:8px}.elementor-widget-text-editor:not(.elementor-drop-cap-view-default) .elementor-drop-cap-letter{width:1em;height:1em}.elementor-widget-text-editor .elementor-drop-cap{float:left;text-align:center;line-height:1;font-size:50px}.elementor-widget-text-editor .elementor-drop-cap-letter{display:inline-block}<\/style>\t\t\t\t<p>Unsere B\u00e4nke aus Massivholz werden individuell gefertigt und eignen sich perfekt zur Aufwertung der \u00c4sthetik und Funktionalit\u00e4t Ihres Zuhauses. Jede B\u00e4nke wird von Hand mit gro\u00dfer Sorgfalt bis ins kleinste Detail gefertigt, und die erstklassige Verarbeitungsqualit\u00e4t gew\u00e4hrleistet Langlebigkeit und Festigkeit. Hergestellt aus nachhaltigen Holzquellen sind sie sowohl f\u00fcr den Innen- als auch f\u00fcr den Au\u00dfenbereich geeignet.<\/p>\n\t\t\t\t\t\t<\/div>\n\t\t\t\t<\/div>\n\t\t\t\t<div class=\"elementor-element elementor-element-6d81d71 elementor-widget elementor-widget-button\" data-id=\"6d81d71\" data-element_type=\"widget\" data-widget_type=\"button.default\">\n\t\t\t\t<div class=\"elementor-widget-container\">\n\t\t\t\t\t<div class=\"elementor-button-wrapper\">\n\t\t\t<a class=\"elementor-button elementor-button-link elementor-size-sm\" href=\"https:\/\/goin.hr\/konfigurator\/\">\n\t\t\t\t\t\t<span class=\"elementor-button-content-wrapper\">\n\t\t\t\t\t\t<span class=\"elementor-button-text\">Konfigurator<\/span>\n\t\t<\/span>\n\t\t\t\t\t<\/a>\n\t\t<\/div>\n\t\t\t\t<\/div>\n\t\t\t\t<\/div>\n\t\t\t\t\t<\/div>\n\t\t\t\t<\/div>\n\t\t\t\t\t<\/div>\n\t\t\t\t<\/div>\n\t\t\t\t\t<\/div>\n\t\t\t\t<\/div>\n\t\t\t\t\t<\/div>\n\t\t\t\t<\/div>\n\t\t<div class=\"elementor-element elementor-element-98acd43 e-flex e-con-boxed e-con e-parent\" data-id=\"98acd43\" data-element_type=\"container\" data-core-v316-plus=\"true\">\n\t\t\t\t\t<div class=\"e-con-inner\">\n\t\t<div class=\"elementor-element elementor-element-c0dd186 e-con-full e-flex e-con e-child\" data-id=\"c0dd186\" data-element_type=\"container\">\n\t\t\t\t<div class=\"elementor-element elementor-element-ae8b04f elementor-widget-divider--view-line elementor-widget elementor-widget-divider\" data-id=\"ae8b04f\" data-element_type=\"widget\" data-widget_type=\"divider.default\">\n\t\t\t\t<div class=\"elementor-widget-container\">\n\t\t\t\t\t<div class=\"elementor-divider\">\n\t\t\t<span class=\"elementor-divider-separator\">\n\t\t\t\t\t\t<\/span>\n\t\t<\/div>\n\t\t\t\t<\/div>\n\t\t\t\t<\/div>\n\t\t\t\t<div class=\"elementor-element elementor-element-152a74f elementor-widget elementor-widget-text-editor\" data-id=\"152a74f\" data-element_type=\"widget\" data-widget_type=\"text-editor.default\">\n\t\t\t\t<div class=\"elementor-widget-container\">\n\t\t\t\t\t\t\t<p>Verleihen Sie Ihrem Raum eine einzigartige \u00c4sthetik und W\u00e4rme von Massivholz, die sich in jede Einrichtung einf\u00fcgt. Wir bieten eine breite Auswahl an Modellen, Abmessungen und Texturen sowie die M\u00f6glichkeit, B\u00e4nke nach Ihren individuellen Bed\u00fcrfnissen anzufertigen. Unser Team erfahrener Designer und Schreiner wird Ihnen gerne bei der Auswahl der Bank f\u00fcr Ihren Raum helfen.<\/p>\n\t\t\t\t\t\t<\/div>\n\t\t\t\t<\/div>\n\t\t\t\t<\/div>\n\t\t<div class=\"elementor-element elementor-element-a36362a e-con-full e-flex e-con e-child\" data-id=\"a36362a\" data-element_type=\"container\">\n\t\t\t\t<div class=\"elementor-element elementor-element-5fa040c elementor-widget elementor-widget-image\" data-id=\"5fa040c\" data-element_type=\"widget\" data-widget_type=\"image.default\">\n\t\t\t\t<div class=\"elementor-widget-container\">\n\t\t\t\t\t\t\t\t\t\t\t\t\t<img decoding=\"async\" width=\"840\" height=\"1020\" src=\"https:\/\/goin.hr\/wp-content\/uploads\/2024\/03\/Img47-1.png\" class=\"attachment-full size-full wp-image-1635\" alt=\"\" srcset=\"https:\/\/goin.hr\/wp-content\/uploads\/2024\/03\/Img47-1.png 840w, https:\/\/goin.hr\/wp-content\/uploads\/2024\/03\/Img47-1-247x300.png 247w, https:\/\/goin.hr\/wp-content\/uploads\/2024\/03\/Img47-1-768x933.png 768w\" sizes=\"(max-width: 840px) 100vw, 840px\" \/>\t\t\t\t\t\t\t\t\t\t\t\t\t<\/div>\n\t\t\t\t<\/div>\n\t\t\t\t<\/div>\n\t\t<div class=\"elementor-element elementor-element-e0710c3 e-con-full e-flex e-con e-child\" data-id=\"e0710c3\" data-element_type=\"container\">\n\t\t\t\t<div class=\"elementor-element elementor-element-118e415 elementor-widget elementor-widget-image\" data-id=\"118e415\" data-element_type=\"widget\" data-widget_type=\"image.default\">\n\t\t\t\t<div class=\"elementor-widget-container\">\n\t\t\t\t\t\t\t\t\t\t\t\t\t<img decoding=\"async\" width=\"840\" height=\"1020\" src=\"https:\/\/goin.hr\/wp-content\/uploads\/2024\/03\/Img48-1.png\" class=\"attachment-full size-full wp-image-1636\" alt=\"\" srcset=\"https:\/\/goin.hr\/wp-content\/uploads\/2024\/03\/Img48-1.png 840w, https:\/\/goin.hr\/wp-content\/uploads\/2024\/03\/Img48-1-247x300.png 247w, https:\/\/goin.hr\/wp-content\/uploads\/2024\/03\/Img48-1-768x933.png 768w\" sizes=\"(max-width: 840px) 100vw, 840px\" \/>\t\t\t\t\t\t\t\t\t\t\t\t\t<\/div>\n\t\t\t\t<\/div>\n\t\t\t\t<\/div>\n\t\t\t\t\t<\/div>\n\t\t\t\t<\/div>\n\t\t<div class=\"elementor-element elementor-element-7b66940 e-flex e-con-boxed e-con e-parent\" data-id=\"7b66940\" data-element_type=\"container\" data-core-v316-plus=\"true\">\n\t\t\t\t\t<div class=\"e-con-inner\">\n\t\t<div class=\"elementor-element elementor-element-14fa4d5 e-con-full e-flex e-con e-child\" data-id=\"14fa4d5\" data-element_type=\"container\">\n\t\t\t\t<div class=\"elementor-element elementor-element-ca46323 elementor-widget elementor-widget-image\" data-id=\"ca46323\" data-element_type=\"widget\" data-widget_type=\"image.default\">\n\t\t\t\t<div class=\"elementor-widget-container\">\n\t\t\t\t\t\t\t\t\t\t\t\t\t<img loading=\"lazy\" decoding=\"async\" width=\"1290\" height=\"960\" src=\"https:\/\/goin.hr\/wp-content\/uploads\/2024\/03\/Img49-1.png\" class=\"attachment-full size-full wp-image-1643\" alt=\"\" srcset=\"https:\/\/goin.hr\/wp-content\/uploads\/2024\/03\/Img49-1.png 1290w, https:\/\/goin.hr\/wp-content\/uploads\/2024\/03\/Img49-1-300x223.png 300w, https:\/\/goin.hr\/wp-content\/uploads\/2024\/03\/Img49-1-1024x762.png 1024w, https:\/\/goin.hr\/wp-content\/uploads\/2024\/03\/Img49-1-768x572.png 768w\" sizes=\"(max-width: 1290px) 100vw, 1290px\" \/>\t\t\t\t\t\t\t\t\t\t\t\t\t<\/div>\n\t\t\t\t<\/div>\n\t\t\t\t<\/div>\n\t\t<div class=\"elementor-element elementor-element-1c4a0ce e-con-full e-flex e-con e-child\" data-id=\"1c4a0ce\" data-element_type=\"container\">\n\t\t\t\t<div class=\"elementor-element elementor-element-3adb984 elementor-widget elementor-widget-image\" data-id=\"3adb984\" data-element_type=\"widget\" data-widget_type=\"image.default\">\n\t\t\t\t<div class=\"elementor-widget-container\">\n\t\t\t\t\t\t\t\t\t\t\t\t\t<img loading=\"lazy\" decoding=\"async\" width=\"1290\" height=\"960\" src=\"https:\/\/goin.hr\/wp-content\/uploads\/2024\/03\/Img50-1.png\" class=\"attachment-full size-full wp-image-1644\" alt=\"\" srcset=\"https:\/\/goin.hr\/wp-content\/uploads\/2024\/03\/Img50-1.png 1290w, https:\/\/goin.hr\/wp-content\/uploads\/2024\/03\/Img50-1-300x223.png 300w, https:\/\/goin.hr\/wp-content\/uploads\/2024\/03\/Img50-1-1024x762.png 1024w, https:\/\/goin.hr\/wp-content\/uploads\/2024\/03\/Img50-1-768x572.png 768w\" sizes=\"(max-width: 1290px) 100vw, 1290px\" \/>\t\t\t\t\t\t\t\t\t\t\t\t\t<\/div>\n\t\t\t\t<\/div>\n\t\t\t\t<\/div>\n\t\t\t\t\t<\/div>\n\t\t\t\t<\/div>\n\t\t<div class=\"elementor-element elementor-element-a53084c e-flex e-con-boxed e-con e-parent\" data-id=\"a53084c\" data-element_type=\"container\" data-core-v316-plus=\"true\">\n\t\t\t\t\t<div class=\"e-con-inner\">\n\t\t\t\t<div class=\"elementor-element elementor-element-c0923be elementor-widget elementor-widget-template\" data-id=\"c0923be\" data-element_type=\"widget\" data-widget_type=\"template.default\">\n\t\t\t\t<div class=\"elementor-widget-container\">\n\t\t\t\t\t<div class=\"elementor-template\">\n\t\t\t\t\t<div data-elementor-type=\"container\" data-elementor-id=\"2968\" class=\"elementor elementor-2968 elementor-2802\" data-elementor-post-type=\"elementor_library\">\n\t\t\t\t<div class=\"elementor-element elementor-element-43be3909 e-flex e-con-boxed e-con e-parent\" data-id=\"43be3909\" data-element_type=\"container\" data-core-v316-plus=\"true\">\n\t\t\t\t\t<div class=\"e-con-inner\">\n\t\t<div class=\"elementor-element elementor-element-6dd35d80 e-con-full e-flex e-con e-child\" data-id=\"6dd35d80\" data-element_type=\"container\">\n\t\t\t\t<div class=\"elementor-element elementor-element-6b1c368e elementor-widget elementor-widget-heading\" data-id=\"6b1c368e\" data-element_type=\"widget\" data-widget_type=\"heading.default\">\n\t\t\t\t<div class=\"elementor-widget-container\">\n\t\t\t<h2 class=\"elementor-heading-title elementor-size-default\">Rufen Sie uns an<\/h2>\t\t<\/div>\n\t\t\t\t<\/div>\n\t\t\t\t<div class=\"elementor-element elementor-element-61f504f8 elementor-widget elementor-widget-heading\" data-id=\"61f504f8\" data-element_type=\"widget\" data-widget_type=\"heading.default\">\n\t\t\t\t<div class=\"elementor-widget-container\">\n\t\t\t<h2 class=\"elementor-heading-title elementor-size-default\">+385 99 251 36 56<\/h2>\t\t<\/div>\n\t\t\t\t<\/div>\n\t\t\t\t<\/div>\n\t\t<div class=\"elementor-element elementor-element-ba99d60 e-con-full e-flex e-con e-child\" data-id=\"ba99d60\" data-element_type=\"container\">\n\t\t\t\t<div class=\"elementor-element elementor-element-7f57df01 elementor-widget elementor-widget-heading\" data-id=\"7f57df01\" data-element_type=\"widget\" data-widget_type=\"heading.default\">\n\t\t\t\t<div class=\"elementor-widget-container\">\n\t\t\t<h2 class=\"elementor-heading-title elementor-size-default\">Senden Sie eine Nachricht<\/h2>\t\t<\/div>\n\t\t\t\t<\/div>\n\t\t\t\t<div class=\"elementor-element elementor-element-125a3214 elementor-widget elementor-widget-heading\" data-id=\"125a3214\" data-element_type=\"widget\" data-widget_type=\"heading.default\">\n\t\t\t\t<div class=\"elementor-widget-container\">\n\t\t\t<h2 class=\"elementor-heading-title elementor-size-default\">info@goin.hr<\/h2>\t\t<\/div>\n\t\t\t\t<\/div>\n\t\t\t\t<\/div>\n\t\t\t\t\t<\/div>\n\t\t\t\t<\/div>\n\t\t\t\t<\/div>\n\t\t\t\t<\/div>\n\t\t\t\t<\/div>\n\t\t\t\t<\/div>\n\t\t\t\t\t<\/div>\n\t\t\t\t<\/div>\n\t\t\t\t<\/div>\n\t\t","protected":false},"excerpt":{"rendered":"<p>B\u00c4NKE Unsere B\u00e4nke aus Massivholz werden individuell gefertigt und eignen sich perfekt zur Aufwertung der \u00c4sthetik und Funktionalit\u00e4t Ihres Zuhauses. Jede B\u00e4nke wird von Hand mit gro\u00dfer Sorgfalt bis ins kleinste Detail gefertigt, und die erstklassige Verarbeitungsqualit\u00e4t gew\u00e4hrleistet Langlebigkeit und Festigkeit. Hergestellt aus nachhaltigen Holzquellen sind sie sowohl f\u00fcr den Innen- als auch f\u00fcr den [&hellip;]<\/p>\n","protected":false},"author":1,"featured_media":2681,"parent":0,"menu_order":0,"comment_status":"closed","ping_status":"closed","template":"","meta":{"footnotes":""},"class_list":["post-2680","page","type-page","status-publish","has-post-thumbnail","hentry"],"_links":{"self":[{"href":"https:\/\/goin.hr\/de\/wp-json\/wp\/v2\/pages\/2680","targetHints":{"allow":["GET"]}}],"collection":[{"href":"https:\/\/goin.hr\/de\/wp-json\/wp\/v2\/pages"}],"about":[{"href":"https:\/\/goin.hr\/de\/wp-json\/wp\/v2\/types\/page"}],"author":[{"embeddable":true,"href":"https:\/\/goin.hr\/de\/wp-json\/wp\/v2\/users\/1"}],"replies":[{"embeddable":true,"href":"https:\/\/goin.hr\/de\/wp-json\/wp\/v2\/comments?post=2680"}],"version-history":[{"count":2,"href":"https:\/\/goin.hr\/de\/wp-json\/wp\/v2\/pages\/2680\/revisions"}],"predecessor-version":[{"id":2877,"href":"https:\/\/goin.hr\/de\/wp-json\/wp\/v2\/pages\/2680\/revisions\/2877"}],"wp:featuredmedia":[{"embeddable":true,"href":"https:\/\/goin.hr\/de\/wp-json\/wp\/v2\/media\/2681"}],"wp:attachment":[{"href":"https:\/\/goin.hr\/de\/wp-json\/wp\/v2\/media?parent=2680"}],"curies":[{"name":"wp","href":"https:\/\/api.w.org\/{rel}","templated":true}]}}