{"id":2629,"date":"2024-03-07T20:15:53","date_gmt":"2024-03-07T19:15:53","guid":{"rendered":"https:\/\/goin.hr\/kuppel\/"},"modified":"2024-04-16T08:49:42","modified_gmt":"2024-04-16T07:49:42","slug":"kuppel","status":"publish","type":"page","link":"https:\/\/goin.hr\/de\/kuppel\/","title":{"rendered":"Kuppel"},"content":{"rendered":"\t\t<div data-elementor-type=\"wp-page\" data-elementor-id=\"2629\" class=\"elementor elementor-2629 elementor-478\" data-elementor-post-type=\"page\">\n\t\t\t\t<div class=\"elementor-element elementor-element-5ba15cc e-flex e-con-boxed e-con e-parent\" data-id=\"5ba15cc\" data-element_type=\"container\" data-core-v316-plus=\"true\">\n\t\t\t\t\t<div class=\"e-con-inner\">\n\t\t<div class=\"elementor-element elementor-element-7fae1ab e-flex e-con-boxed e-con e-child\" data-id=\"7fae1ab\" data-element_type=\"container\" data-settings=\"{&quot;background_background&quot;:&quot;classic&quot;}\">\n\t\t\t\t\t<div class=\"e-con-inner\">\n\t\t\t\t<div class=\"elementor-element elementor-element-a27acf1 elementor-widget elementor-widget-heading\" data-id=\"a27acf1\" data-element_type=\"widget\" data-widget_type=\"heading.default\">\n\t\t\t\t<div class=\"elementor-widget-container\">\n\t\t\t<style>\/*! elementor - v3.20.0 - 26-03-2024 *\/\n.elementor-heading-title{padding:0;margin:0;line-height:1}.elementor-widget-heading .elementor-heading-title[class*=elementor-size-]>a{color:inherit;font-size:inherit;line-height:inherit}.elementor-widget-heading .elementor-heading-title.elementor-size-small{font-size:15px}.elementor-widget-heading .elementor-heading-title.elementor-size-medium{font-size:19px}.elementor-widget-heading .elementor-heading-title.elementor-size-large{font-size:29px}.elementor-widget-heading .elementor-heading-title.elementor-size-xl{font-size:39px}.elementor-widget-heading .elementor-heading-title.elementor-size-xxl{font-size:59px}<\/style><h1 class=\"elementor-heading-title elementor-size-default\">KUPPEL<\/h1>\t\t<\/div>\n\t\t\t\t<\/div>\n\t\t\t\t<div class=\"elementor-element elementor-element-639213e elementor-widget-divider--view-line elementor-widget elementor-widget-divider\" data-id=\"639213e\" data-element_type=\"widget\" data-widget_type=\"divider.default\">\n\t\t\t\t<div class=\"elementor-widget-container\">\n\t\t\t<style>\/*! elementor - v3.20.0 - 26-03-2024 *\/\n.elementor-widget-divider{--divider-border-style:none;--divider-border-width:1px;--divider-color:#0c0d0e;--divider-icon-size:20px;--divider-element-spacing:10px;--divider-pattern-height:24px;--divider-pattern-size:20px;--divider-pattern-url:none;--divider-pattern-repeat:repeat-x}.elementor-widget-divider .elementor-divider{display:flex}.elementor-widget-divider .elementor-divider__text{font-size:15px;line-height:1;max-width:95%}.elementor-widget-divider .elementor-divider__element{margin:0 var(--divider-element-spacing);flex-shrink:0}.elementor-widget-divider .elementor-icon{font-size:var(--divider-icon-size)}.elementor-widget-divider .elementor-divider-separator{display:flex;margin:0;direction:ltr}.elementor-widget-divider--view-line_icon .elementor-divider-separator,.elementor-widget-divider--view-line_text .elementor-divider-separator{align-items:center}.elementor-widget-divider--view-line_icon .elementor-divider-separator:after,.elementor-widget-divider--view-line_icon .elementor-divider-separator:before,.elementor-widget-divider--view-line_text .elementor-divider-separator:after,.elementor-widget-divider--view-line_text .elementor-divider-separator:before{display:block;content:\"\";border-block-end:0;flex-grow:1;border-block-start:var(--divider-border-width) var(--divider-border-style) var(--divider-color)}.elementor-widget-divider--element-align-left .elementor-divider .elementor-divider-separator>.elementor-divider__svg:first-of-type{flex-grow:0;flex-shrink:100}.elementor-widget-divider--element-align-left .elementor-divider-separator:before{content:none}.elementor-widget-divider--element-align-left .elementor-divider__element{margin-left:0}.elementor-widget-divider--element-align-right .elementor-divider .elementor-divider-separator>.elementor-divider__svg:last-of-type{flex-grow:0;flex-shrink:100}.elementor-widget-divider--element-align-right .elementor-divider-separator:after{content:none}.elementor-widget-divider--element-align-right .elementor-divider__element{margin-right:0}.elementor-widget-divider--element-align-start .elementor-divider .elementor-divider-separator>.elementor-divider__svg:first-of-type{flex-grow:0;flex-shrink:100}.elementor-widget-divider--element-align-start .elementor-divider-separator:before{content:none}.elementor-widget-divider--element-align-start .elementor-divider__element{margin-inline-start:0}.elementor-widget-divider--element-align-end .elementor-divider .elementor-divider-separator>.elementor-divider__svg:last-of-type{flex-grow:0;flex-shrink:100}.elementor-widget-divider--element-align-end .elementor-divider-separator:after{content:none}.elementor-widget-divider--element-align-end .elementor-divider__element{margin-inline-end:0}.elementor-widget-divider:not(.elementor-widget-divider--view-line_text):not(.elementor-widget-divider--view-line_icon) .elementor-divider-separator{border-block-start:var(--divider-border-width) var(--divider-border-style) var(--divider-color)}.elementor-widget-divider--separator-type-pattern{--divider-border-style:none}.elementor-widget-divider--separator-type-pattern.elementor-widget-divider--view-line .elementor-divider-separator,.elementor-widget-divider--separator-type-pattern:not(.elementor-widget-divider--view-line) .elementor-divider-separator:after,.elementor-widget-divider--separator-type-pattern:not(.elementor-widget-divider--view-line) .elementor-divider-separator:before,.elementor-widget-divider--separator-type-pattern:not([class*=elementor-widget-divider--view]) .elementor-divider-separator{width:100%;min-height:var(--divider-pattern-height);-webkit-mask-size:var(--divider-pattern-size) 100%;mask-size:var(--divider-pattern-size) 100%;-webkit-mask-repeat:var(--divider-pattern-repeat);mask-repeat:var(--divider-pattern-repeat);background-color:var(--divider-color);-webkit-mask-image:var(--divider-pattern-url);mask-image:var(--divider-pattern-url)}.elementor-widget-divider--no-spacing{--divider-pattern-size:auto}.elementor-widget-divider--bg-round{--divider-pattern-repeat:round}.rtl .elementor-widget-divider .elementor-divider__text{direction:rtl}.e-con-inner>.elementor-widget-divider,.e-con>.elementor-widget-divider{width:var(--container-widget-width,100%);--flex-grow:var(--container-widget-flex-grow)}<\/style>\t\t<div class=\"elementor-divider\">\n\t\t\t<span class=\"elementor-divider-separator\">\n\t\t\t\t\t\t<\/span>\n\t\t<\/div>\n\t\t\t\t<\/div>\n\t\t\t\t<\/div>\n\t\t\t\t<div class=\"elementor-element elementor-element-d8baa3b elementor-hidden-desktop elementor-hidden-laptop elementor-widget elementor-widget-image\" data-id=\"d8baa3b\" data-element_type=\"widget\" data-widget_type=\"image.default\">\n\t\t\t\t<div class=\"elementor-widget-container\">\n\t\t\t<style>\/*! elementor - v3.20.0 - 26-03-2024 *\/\n.elementor-widget-image{text-align:center}.elementor-widget-image a{display:inline-block}.elementor-widget-image a img[src$=\".svg\"]{width:48px}.elementor-widget-image img{vertical-align:middle;display:inline-block}<\/style>\t\t\t\t\t\t\t\t\t\t<img fetchpriority=\"high\" decoding=\"async\" width=\"1300\" height=\"920\" src=\"https:\/\/goin.hr\/wp-content\/uploads\/2024\/03\/kupola_1.jpg\" class=\"attachment-full size-full wp-image-999\" alt=\"Kupola\" srcset=\"https:\/\/goin.hr\/wp-content\/uploads\/2024\/03\/kupola_1.jpg 1300w, https:\/\/goin.hr\/wp-content\/uploads\/2024\/03\/kupola_1-300x212.jpg 300w, https:\/\/goin.hr\/wp-content\/uploads\/2024\/03\/kupola_1-1024x725.jpg 1024w, https:\/\/goin.hr\/wp-content\/uploads\/2024\/03\/kupola_1-768x544.jpg 768w\" sizes=\"(max-width: 1300px) 100vw, 1300px\" \/>\t\t\t\t\t\t\t\t\t\t\t\t\t<\/div>\n\t\t\t\t<\/div>\n\t\t\t\t<div class=\"elementor-element elementor-element-9e6ddb6 elementor-widget__width-initial elementor-widget elementor-widget-text-editor\" data-id=\"9e6ddb6\" data-element_type=\"widget\" data-widget_type=\"text-editor.default\">\n\t\t\t\t<div class=\"elementor-widget-container\">\n\t\t\t<style>\/*! elementor - v3.20.0 - 26-03-2024 *\/\n.elementor-widget-text-editor.elementor-drop-cap-view-stacked .elementor-drop-cap{background-color:#69727d;color:#fff}.elementor-widget-text-editor.elementor-drop-cap-view-framed .elementor-drop-cap{color:#69727d;border:3px solid;background-color:transparent}.elementor-widget-text-editor:not(.elementor-drop-cap-view-default) .elementor-drop-cap{margin-top:8px}.elementor-widget-text-editor:not(.elementor-drop-cap-view-default) .elementor-drop-cap-letter{width:1em;height:1em}.elementor-widget-text-editor .elementor-drop-cap{float:left;text-align:center;line-height:1;font-size:50px}.elementor-widget-text-editor .elementor-drop-cap-letter{display:inline-block}<\/style>\t\t\t\t<p>Mit gro\u00dfem Stolz pr\u00e4sentieren wir Ihnen unsere neue Produktlinie, eine Kuppel mit einer einzigartigen Geometrie, die innovative technologische L\u00f6sungen mit \u00e4sthetischem Design verbindet. Inspiriert von Buckminster Fullers Konzept &#8222;Mehr mit Weniger erreichen&#8220; aus dem Jahr 1954. Die Kuppel bietet au\u00dfergew\u00f6hnliche Funktionalit\u00e4t und Komfort bei minimalem Ressourcenverbrauch.<\/p>\n\t\t\t\t\t\t<\/div>\n\t\t\t\t<\/div>\n\t\t\t\t<div class=\"elementor-element elementor-element-d73bc80 elementor-widget elementor-widget-button\" data-id=\"d73bc80\" data-element_type=\"widget\" data-widget_type=\"button.default\">\n\t\t\t\t<div class=\"elementor-widget-container\">\n\t\t\t\t\t<div class=\"elementor-button-wrapper\">\n\t\t\t<a class=\"elementor-button elementor-button-link elementor-size-sm\" href=\"https:\/\/goin.hr\/konfigurator\/\">\n\t\t\t\t\t\t<span class=\"elementor-button-content-wrapper\">\n\t\t\t\t\t\t<span class=\"elementor-button-text\">Konfigurator<\/span>\n\t\t<\/span>\n\t\t\t\t\t<\/a>\n\t\t<\/div>\n\t\t\t\t<\/div>\n\t\t\t\t<\/div>\n\t\t\t\t\t<\/div>\n\t\t\t\t<\/div>\n\t\t\t\t\t<\/div>\n\t\t\t\t<\/div>\n\t\t<div class=\"elementor-element elementor-element-5c3b525 e-flex e-con-boxed e-con e-parent\" data-id=\"5c3b525\" data-element_type=\"container\" data-core-v316-plus=\"true\">\n\t\t\t\t\t<div class=\"e-con-inner\">\n\t\t\t\t<div class=\"elementor-element elementor-element-ef4e2a9 elementor-widget elementor-widget-heading\" data-id=\"ef4e2a9\" data-element_type=\"widget\" data-widget_type=\"heading.default\">\n\t\t\t\t<div class=\"elementor-widget-container\">\n\t\t\t<h4 class=\"elementor-heading-title elementor-size-default\">Raumoptimierung<\/h4>\t\t<\/div>\n\t\t\t\t<\/div>\n\t\t\t\t<div class=\"elementor-element elementor-element-ddace8c elementor-widget elementor-widget-heading\" data-id=\"ddace8c\" data-element_type=\"widget\" data-widget_type=\"heading.default\">\n\t\t\t\t<div class=\"elementor-widget-container\">\n\t\t\t<h2 class=\"elementor-heading-title elementor-size-default\">Verschiedene Gr\u00f6\u00dfen und Konfigurationen<\/h2>\t\t<\/div>\n\t\t\t\t<\/div>\n\t\t\t\t\t<\/div>\n\t\t\t\t<\/div>\n\t\t<div class=\"elementor-element elementor-element-f2e2867 e-flex e-con-boxed e-con e-parent\" data-id=\"f2e2867\" data-element_type=\"container\" data-core-v316-plus=\"true\">\n\t\t\t\t\t<div class=\"e-con-inner\">\n\t\t<div class=\"elementor-element elementor-element-5a37c18 e-con-full e-flex e-con e-child\" data-id=\"5a37c18\" data-element_type=\"container\">\n\t\t\t\t<div class=\"elementor-element elementor-element-7fb542b elementor-widget-divider--view-line elementor-widget elementor-widget-divider\" data-id=\"7fb542b\" data-element_type=\"widget\" data-widget_type=\"divider.default\">\n\t\t\t\t<div class=\"elementor-widget-container\">\n\t\t\t\t\t<div class=\"elementor-divider\">\n\t\t\t<span class=\"elementor-divider-separator\">\n\t\t\t\t\t\t<\/span>\n\t\t<\/div>\n\t\t\t\t<\/div>\n\t\t\t\t<\/div>\n\t\t\t\t<div class=\"elementor-element elementor-element-e2f5d6e elementor-widget elementor-widget-text-editor\" data-id=\"e2f5d6e\" data-element_type=\"widget\" data-widget_type=\"text-editor.default\">\n\t\t\t\t<div class=\"elementor-widget-container\">\n\t\t\t\t\t\t\t<p>Unsere Holzkuppeln k\u00f6nnen an verschiedene Gr\u00f6\u00dfen und Konfigurationen angepasst werden und passen sich Ihren einzigartigen Bed\u00fcrfnissen und R\u00e4umlichkeiten an. Die sph\u00e4rische Struktur der Kuppel optimiert den Raum und erm\u00f6glicht eine nat\u00fcrliche Heizung und K\u00fchlung, was zu einer angenehmen Atmosph\u00e4re ohne zus\u00e4tzliche Systeme f\u00fchrt. Einfache und pr\u00e4zise Montage, die Verbindung von lamelliertem Holz und Metallverbindungen gew\u00e4hrleistet eine einfache und pr\u00e4zise Montage.<\/p>\n<p>Endlose M\u00f6glichkeiten: GOIN bietet Ihnen die M\u00f6glichkeit, Ihre Holzkuppel mit verschiedenen Fenstern, T\u00fcren und Oberfl\u00e4chen zu personalisieren.<\/p>\n\t\t\t\t\t\t<\/div>\n\t\t\t\t<\/div>\n\t\t\t\t<div class=\"elementor-element elementor-element-6a8ec69 elementor-widget elementor-widget-image\" data-id=\"6a8ec69\" data-element_type=\"widget\" data-widget_type=\"image.default\">\n\t\t\t\t<div class=\"elementor-widget-container\">\n\t\t\t\t\t\t\t\t\t\t\t\t\t<img decoding=\"async\" width=\"320\" height=\"320\" src=\"https:\/\/goin.hr\/wp-content\/uploads\/2024\/03\/kupola_3.jpg\" class=\"attachment-full size-full wp-image-1081\" alt=\"\" srcset=\"https:\/\/goin.hr\/wp-content\/uploads\/2024\/03\/kupola_3.jpg 320w, https:\/\/goin.hr\/wp-content\/uploads\/2024\/03\/kupola_3-300x300.jpg 300w, https:\/\/goin.hr\/wp-content\/uploads\/2024\/03\/kupola_3-150x150.jpg 150w\" sizes=\"(max-width: 320px) 100vw, 320px\" \/>\t\t\t\t\t\t\t\t\t\t\t\t\t<\/div>\n\t\t\t\t<\/div>\n\t\t\t\t<\/div>\n\t\t<div class=\"elementor-element elementor-element-e811948 e-con-full elementor-hidden-mobile e-flex e-con e-child\" data-id=\"e811948\" data-element_type=\"container\" data-settings=\"{&quot;background_background&quot;:&quot;classic&quot;}\">\n\t\t\t\t<\/div>\n\t\t\t\t\t<\/div>\n\t\t\t\t<\/div>\n\t\t<div class=\"elementor-element elementor-element-6105db3 e-flex e-con-boxed e-con e-parent\" data-id=\"6105db3\" data-element_type=\"container\" data-settings=\"{&quot;background_background&quot;:&quot;classic&quot;}\" data-core-v316-plus=\"true\">\n\t\t\t\t\t<div class=\"e-con-inner\">\n\t\t\t\t\t<\/div>\n\t\t\t\t<\/div>\n\t\t<div class=\"elementor-element elementor-element-f2010ed e-flex e-con-boxed e-con e-parent\" data-id=\"f2010ed\" data-element_type=\"container\" data-core-v316-plus=\"true\">\n\t\t\t\t\t<div class=\"e-con-inner\">\n\t\t<div class=\"elementor-element elementor-element-acd7664 e-con-full e-flex e-con e-child\" data-id=\"acd7664\" data-element_type=\"container\">\n\t\t\t\t<div class=\"elementor-element elementor-element-483cb37 elementor-widget elementor-widget-image\" data-id=\"483cb37\" data-element_type=\"widget\" data-widget_type=\"image.default\">\n\t\t\t\t<div class=\"elementor-widget-container\">\n\t\t\t\t\t\t\t\t\t\t\t\t\t<img decoding=\"async\" width=\"560\" height=\"480\" src=\"https:\/\/goin.hr\/wp-content\/uploads\/2024\/03\/kupola_5.jpg\" class=\"attachment-full size-full wp-image-1107\" alt=\"\" srcset=\"https:\/\/goin.hr\/wp-content\/uploads\/2024\/03\/kupola_5.jpg 560w, https:\/\/goin.hr\/wp-content\/uploads\/2024\/03\/kupola_5-300x257.jpg 300w\" sizes=\"(max-width: 560px) 100vw, 560px\" \/>\t\t\t\t\t\t\t\t\t\t\t\t\t<\/div>\n\t\t\t\t<\/div>\n\t\t\t\t<\/div>\n\t\t<div class=\"elementor-element elementor-element-0de274a e-con-full e-flex e-con e-child\" data-id=\"0de274a\" data-element_type=\"container\">\n\t\t\t\t<div class=\"elementor-element elementor-element-d68d600 elementor-widget elementor-widget-image\" data-id=\"d68d600\" data-element_type=\"widget\" data-widget_type=\"image.default\">\n\t\t\t\t<div class=\"elementor-widget-container\">\n\t\t\t\t\t\t\t\t\t\t\t\t\t<img loading=\"lazy\" decoding=\"async\" width=\"560\" height=\"480\" src=\"https:\/\/goin.hr\/wp-content\/uploads\/2024\/03\/kupola_6.jpg\" class=\"attachment-full size-full wp-image-1108\" alt=\"\" srcset=\"https:\/\/goin.hr\/wp-content\/uploads\/2024\/03\/kupola_6.jpg 560w, https:\/\/goin.hr\/wp-content\/uploads\/2024\/03\/kupola_6-300x257.jpg 300w\" sizes=\"(max-width: 560px) 100vw, 560px\" \/>\t\t\t\t\t\t\t\t\t\t\t\t\t<\/div>\n\t\t\t\t<\/div>\n\t\t\t\t<\/div>\n\t\t<div class=\"elementor-element elementor-element-92b5a29 e-con-full e-flex e-con e-child\" data-id=\"92b5a29\" data-element_type=\"container\">\n\t\t\t\t<div class=\"elementor-element elementor-element-24712da elementor-widget-divider--view-line elementor-widget elementor-widget-divider\" data-id=\"24712da\" data-element_type=\"widget\" data-widget_type=\"divider.default\">\n\t\t\t\t<div class=\"elementor-widget-container\">\n\t\t\t\t\t<div class=\"elementor-divider\">\n\t\t\t<span class=\"elementor-divider-separator\">\n\t\t\t\t\t\t<\/span>\n\t\t<\/div>\n\t\t\t\t<\/div>\n\t\t\t\t<\/div>\n\t\t\t\t<div class=\"elementor-element elementor-element-143397a elementor-widget elementor-widget-heading\" data-id=\"143397a\" data-element_type=\"widget\" data-widget_type=\"heading.default\">\n\t\t\t\t<div class=\"elementor-widget-container\">\n\t\t\t<h2 class=\"elementor-heading-title elementor-size-default\">Mehr als nur eine Konstruktion<\/h2>\t\t<\/div>\n\t\t\t\t<\/div>\n\t\t\t\t<div class=\"elementor-element elementor-element-9a36bc9 elementor-widget elementor-widget-text-editor\" data-id=\"9a36bc9\" data-element_type=\"widget\" data-widget_type=\"text-editor.default\">\n\t\t\t\t<div class=\"elementor-widget-container\">\n\t\t\t\t\t\t\t<p>Wir bieten Ihnen einen innovativen und \u00e4sthetischen Lebensraum, der perfekt in die Natur passt. Entdecken Sie unsere neue Kuppelproduktlinie und finden Sie die perfekte L\u00f6sung f\u00fcr Ihre Bed\u00fcrfnisse!<\/p>\n\t\t\t\t\t\t<\/div>\n\t\t\t\t<\/div>\n\t\t\t\t<\/div>\n\t\t\t\t\t<\/div>\n\t\t\t\t<\/div>\n\t\t<div class=\"elementor-element elementor-element-038be4e e-flex e-con-boxed e-con e-parent\" data-id=\"038be4e\" data-element_type=\"container\" data-core-v316-plus=\"true\">\n\t\t\t\t\t<div class=\"e-con-inner\">\n\t\t\t\t<div class=\"elementor-element elementor-element-961c7d7 elementor-widget elementor-widget-template\" data-id=\"961c7d7\" data-element_type=\"widget\" data-widget_type=\"template.default\">\n\t\t\t\t<div class=\"elementor-widget-container\">\n\t\t\t\t\t<div class=\"elementor-template\">\n\t\t\t\t\t<div data-elementor-type=\"container\" data-elementor-id=\"2968\" class=\"elementor elementor-2968 elementor-2802\" data-elementor-post-type=\"elementor_library\">\n\t\t\t\t<div class=\"elementor-element elementor-element-43be3909 e-flex e-con-boxed e-con e-parent\" data-id=\"43be3909\" data-element_type=\"container\" data-core-v316-plus=\"true\">\n\t\t\t\t\t<div class=\"e-con-inner\">\n\t\t<div class=\"elementor-element elementor-element-6dd35d80 e-con-full e-flex e-con e-child\" data-id=\"6dd35d80\" data-element_type=\"container\">\n\t\t\t\t<div class=\"elementor-element elementor-element-6b1c368e elementor-widget elementor-widget-heading\" data-id=\"6b1c368e\" data-element_type=\"widget\" data-widget_type=\"heading.default\">\n\t\t\t\t<div class=\"elementor-widget-container\">\n\t\t\t<h2 class=\"elementor-heading-title elementor-size-default\">Rufen Sie uns an<\/h2>\t\t<\/div>\n\t\t\t\t<\/div>\n\t\t\t\t<div class=\"elementor-element elementor-element-61f504f8 elementor-widget elementor-widget-heading\" data-id=\"61f504f8\" data-element_type=\"widget\" data-widget_type=\"heading.default\">\n\t\t\t\t<div class=\"elementor-widget-container\">\n\t\t\t<h2 class=\"elementor-heading-title elementor-size-default\">+385 99 251 36 56<\/h2>\t\t<\/div>\n\t\t\t\t<\/div>\n\t\t\t\t<\/div>\n\t\t<div class=\"elementor-element elementor-element-ba99d60 e-con-full e-flex e-con e-child\" data-id=\"ba99d60\" data-element_type=\"container\">\n\t\t\t\t<div class=\"elementor-element elementor-element-7f57df01 elementor-widget elementor-widget-heading\" data-id=\"7f57df01\" data-element_type=\"widget\" data-widget_type=\"heading.default\">\n\t\t\t\t<div class=\"elementor-widget-container\">\n\t\t\t<h2 class=\"elementor-heading-title elementor-size-default\">Senden Sie eine Nachricht<\/h2>\t\t<\/div>\n\t\t\t\t<\/div>\n\t\t\t\t<div class=\"elementor-element elementor-element-125a3214 elementor-widget elementor-widget-heading\" data-id=\"125a3214\" data-element_type=\"widget\" data-widget_type=\"heading.default\">\n\t\t\t\t<div class=\"elementor-widget-container\">\n\t\t\t<h2 class=\"elementor-heading-title elementor-size-default\">info@goin.hr<\/h2>\t\t<\/div>\n\t\t\t\t<\/div>\n\t\t\t\t<\/div>\n\t\t\t\t\t<\/div>\n\t\t\t\t<\/div>\n\t\t\t\t<\/div>\n\t\t\t\t<\/div>\n\t\t\t\t<\/div>\n\t\t\t\t<\/div>\n\t\t\t\t\t<\/div>\n\t\t\t\t<\/div>\n\t\t\t\t<\/div>\n\t\t","protected":false},"excerpt":{"rendered":"<p>Die sph\u00e4rische Struktur der Kuppel optimiert den Raum und erm\u00f6glicht eine nat\u00fcrliche Heizung und K\u00fchlung, was zu einer angenehmen Atmosph\u00e4re ohne zus\u00e4tzliche Systeme f\u00fchrt.<\/p>\n","protected":false},"author":1,"featured_media":2630,"parent":0,"menu_order":0,"comment_status":"closed","ping_status":"closed","template":"","meta":{"footnotes":""},"class_list":["post-2629","page","type-page","status-publish","has-post-thumbnail","hentry"],"_links":{"self":[{"href":"https:\/\/goin.hr\/de\/wp-json\/wp\/v2\/pages\/2629","targetHints":{"allow":["GET"]}}],"collection":[{"href":"https:\/\/goin.hr\/de\/wp-json\/wp\/v2\/pages"}],"about":[{"href":"https:\/\/goin.hr\/de\/wp-json\/wp\/v2\/types\/page"}],"author":[{"embeddable":true,"href":"https:\/\/goin.hr\/de\/wp-json\/wp\/v2\/users\/1"}],"replies":[{"embeddable":true,"href":"https:\/\/goin.hr\/de\/wp-json\/wp\/v2\/comments?post=2629"}],"version-history":[{"count":6,"href":"https:\/\/goin.hr\/de\/wp-json\/wp\/v2\/pages\/2629\/revisions"}],"predecessor-version":[{"id":2956,"href":"https:\/\/goin.hr\/de\/wp-json\/wp\/v2\/pages\/2629\/revisions\/2956"}],"wp:featuredmedia":[{"embeddable":true,"href":"https:\/\/goin.hr\/de\/wp-json\/wp\/v2\/media\/2630"}],"wp:attachment":[{"href":"https:\/\/goin.hr\/de\/wp-json\/wp\/v2\/media?parent=2629"}],"curies":[{"name":"wp","href":"https:\/\/api.w.org\/{rel}","templated":true}]}}